{"id":786,"date":"2020-10-08T09:18:53","date_gmt":"2020-10-08T09:18:53","guid":{"rendered":"https:\/\/wpa-cutting.com\/?page_id=786"},"modified":"2021-08-05T11:32:13","modified_gmt":"2021-08-05T10:32:13","slug":"wasserstrahlschneiden-stuttgart","status":"publish","type":"page","link":"https:\/\/wpa-cutting.com\/de\/wasserstrahlschneiden-stuttgart\/","title":{"rendered":"Wasserstrahlschneiden Stuttgart"},"content":{"rendered":"\n<p>Sie wollen schnell und kosteng\u00fcnstig etwas Wasserstrahlschneiden lassen? Dann sind sie bei uns genau richtig!<br>Wir ben\u00f6tigen lediglich eine Zeichnung, was geschnitten werden soll und aus welchem Material geschnitten werden soll.<br>Die g\u00e4ngigsten Materialien haben wir auf Lager und k\u00f6nnen so sehr schnell Ihr Projekt realisieren. Wir sind Ihr Partner f\u00fcr Wasserstrahlschneiden in Stuttgart.<\/p>\n\n\n\n<h2 class=\"wp-block-heading\">Sie m\u00f6chten direkt Informationen zum Wasserstrahlschneiden in Stuttgart?<\/h2>\n\n\n\n<p>Rufen Sie uns an, gerne beraten wir Sie telefonisch, warum Wasserstrahlschneiden die perfekte L\u00f6sung f\u00fcr Ihr Projekt ist. Auch k\u00f6nnen wir Ihnen so schnell s\u00e4mtliche Fragen zum Wasserstrahlschneiden beantworten.<\/p>\n\n\n\n<div style=\"height:20px\" aria-hidden=\"true\" class=\"wp-block-spacer\"><\/div>\n\n\n\n<h2 class=\"has-medium-font-size wp-block-heading\">Was ist so innovativ am Wasserstrahlschneiden, dass Sie es in Stuttgart verwenden sollten?<\/h2>\n\n\n\n<div class=\"wp-block-columns is-layout-flex wp-container-core-columns-is-layout-1 wp-block-columns-is-layout-flex\">\n<div class=\"wp-block-column is-layout-flow wp-block-column-is-layout-flow\" style=\"flex-basis:60%\">\n<p>Mit unseren spezialisierten Maschinen schneiden wir f\u00fcr Sie flexible und feste Materialien in verschiedenen Verfahren. Das Wasser wird von einer Hochdruckpumpe unter Hochdruck gesetzt, die speziell f\u00fcr extreme Dr\u00fccke ausgelegt ist. Durch den extremen Wasserdruck erreicht das Wasser, beim Verlassen der D\u00fcse Geschwindigkeiten, die doppelt so schnell sind wie die Schallgeschwindigkeit. Sie m\u00f6chten in Stuttgart weiche Materialien schneiden?<br>Zum Schneiden von weichen Materialien wie Gummi und D\u00e4mmstoffen schneiden wir mit dem reinen Wasserstrahl, der geb\u00fcndelt und extrem beschleunigt wird.<br>Beim Wasserstrahlschneiden von festen und hochfesten Materialien wird dem Wasserstrahl ein scharfer Sand zugef\u00fchrt.<br>Streng genommen handelt es sich bei diesem Schleifverfahren nicht um Schneiden, sondern um Hochgeschwindigkeits-Schleifen.<\/p>\n<\/div>\n\n\n\n<div class=\"wp-block-column is-layout-flow wp-block-column-is-layout-flow\">\n<div class=\"wp-block-image\"><figure class=\"alignleft size-large is-resized\"><img loading=\"lazy\" decoding=\"async\" src=\"https:\/\/wpa-cutting.com\/wp-content\/uploads\/2020\/08\/copper-1024x704.jpg\" alt=\"Wasserstrahlschneiden Stuttgart - Kupfer Bauteil\" class=\"wp-image-631\" width=\"445\" height=\"305\" srcset=\"https:\/\/wpa-cutting.com\/wp-content\/uploads\/2020\/08\/copper-1024x704.jpg 1024w, https:\/\/wpa-cutting.com\/wp-content\/uploads\/2020\/08\/copper-300x206.jpg 300w, https:\/\/wpa-cutting.com\/wp-content\/uploads\/2020\/08\/copper-768x528.jpg 768w, https:\/\/wpa-cutting.com\/wp-content\/uploads\/2020\/08\/copper-1536x1056.jpg 1536w, https:\/\/wpa-cutting.com\/wp-content\/uploads\/2020\/08\/copper-2048x1409.jpg 2048w\" sizes=\"(max-width: 445px) 100vw, 445px\" \/><figcaption>Wasserstrahlschneiden Kupfer<\/figcaption><\/figure><\/div>\n<\/div>\n<\/div>\n\n\n\n<h2 class=\"wp-block-heading\">Kosteng\u00fcnstig: Wasserstrahlschneiden Stuttgart<\/h2>\n\n\n\n<p>Was macht das Wasserstrahlschneiden so kosteng\u00fcnstig? Bei dem Wasserstrahlschneiden wird im Gegensatz zu vielen anderen Verfahren lediglich eine sehr k\u00fcrze Einrichtungs- und R\u00fcstzeit ben\u00f6tigt, hierdurch ist dieses Verfahren selbst bei kleinen St\u00fcckzahlen oder Prototypen wirtschaftlich.<\/p>\n\n\n\n<h3 class=\"wp-block-heading\">Warum Sie sich beim Wasserstrahlschneiden auf uns verlassen sollten<\/h3>\n\n\n\n<p>Wir haben \u00fcber 20 Jahre Erfahrung und wissen mit allen Materialien umzugehen.  Wir haben zahlreiche Werkstoffe auf Lager, die wir genau nach Ihren Vorgaben bearbeiten. Fertig geschnittene Teile versenden wir via Spedition an Ihren Bestimmungsort.<\/p>\n\n\n\n<div class=\"ghostkit-button-wrapper ghostkit-button-wrapper-gap-md\"><div class=\"ghostkit-button-wrapper-inner\">\n<a class=\"ghostkit-button ghostkit-button-md ghostkit-custom-Z2k7cwE\" href=\"\/#faq\"><span class=\"ghostkit-button-text\">Zum Wasserstrahl FAQ<\/span><\/a>\n\n\n\n<a class=\"ghostkit-button ghostkit-button-md ghostkit-custom-Z2n4vpC\" href=\"https:\/\/wpa-gmbh.com\/de\/shop\" rel=\"noopener\"><span class=\"ghostkit-button-text\">Ersatzteile f\u00fcr Wasserstrahlmaschinen<\/span><\/a>\n<\/div><\/div>\n\n\n\n<div style=\"height:20px\" aria-hidden=\"true\" class=\"wp-block-spacer\"><\/div>\n\n\n\n<div class=\"wp-block-group\"><div class=\"wp-block-group__inner-container is-layout-flow wp-block-group-is-layout-flow\">\n<div style=\"height:20px\" aria-hidden=\"true\" class=\"wp-block-spacer\"><\/div>\n\n\n\n<div class=\"wp-block-columns is-layout-flex wp-container-core-columns-is-layout-2 wp-block-columns-is-layout-flex\">\n<div class=\"wp-block-column is-layout-flow wp-block-column-is-layout-flow\">\n<h3 class=\"wp-block-heading\">Kontakt und Beratung<\/h3>\n\n\n\n<h5 class=\"wp-block-heading\">Waterjet Production Academy GmbH<\/h5>\n\n\n\n<p>Zeppelinstra\u00dfe 7a<br>D-76185 Karlsruhe<\/p>\n\n\n\n<p><a href=\"tel:+4972146466226\">+49(0)721 46466226<\/a><br><a href=\"mailto:info@wpa-gmbh.com\" class=\"rank-math-link\">info@wpa-gmbh.com<\/a><\/p>\n<\/div>\n\n\n\n<div class=\"wp-block-column is-layout-flow wp-block-column-is-layout-flow\">\n<figure class=\"wp-block-image size-large\"><img loading=\"lazy\" decoding=\"async\" width=\"1024\" height=\"587\" src=\"https:\/\/wpa-cutting.com\/wp-content\/uploads\/2020\/08\/aussen-1024x587.jpg\" alt=\"\" class=\"wp-image-199\" srcset=\"https:\/\/wpa-cutting.com\/wp-content\/uploads\/2020\/08\/aussen-1024x587.jpg 1024w, https:\/\/wpa-cutting.com\/wp-content\/uploads\/2020\/08\/aussen-300x172.jpg 300w, https:\/\/wpa-cutting.com\/wp-content\/uploads\/2020\/08\/aussen-768x440.jpg 768w, https:\/\/wpa-cutting.com\/wp-content\/uploads\/2020\/08\/aussen-1536x880.jpg 1536w, https:\/\/wpa-cutting.com\/wp-content\/uploads\/2020\/08\/aussen.jpg 1800w\" sizes=\"(max-width: 1024px) 100vw, 1024px\" \/><\/figure>\n<\/div>\n<\/div>\n\n\n\n<h3 class=\"wp-block-heading\">Wir arbeiten Bundesweit!<\/h3>\n\n\n\n<p>Wir bieten unsere Dienstleistungen nicht nur regional in Karlsruhe (Baden-W\u00fcrttemberg) an, sondern \u00fcbernehmen auch bundes- und europaweit Projekte f\u00fcr unsere Kunden. Da wir viele Werkstoffe und Materialien bereits direkt auf Lager haben und mit zuverl\u00e4ssigen Speditionen zusammenarbeiten, ist f\u00fcr uns die geografische Entfernung nur auf dem Papier vorhanden. Wir betreuen Kunden bereits Kunden aus den St\u00e4dten Karlsruhe, Stuttgart, M\u00fcnchen, Hamburg, Berlin, und vielen weiteren Deutschen Gro\u00dfst\u00e4dten. Wir sind f\u00fcr Anfragen aus Bundesl\u00e4ndern wie Bayern, Rheinland-Pfalz, Hessen, Th\u00fcringen und allen anderen offen.<\/p>\n<\/div><\/div>\n","protected":false},"excerpt":{"rendered":"<p>Sie wollen schnell und kosteng\u00fcnstig etwas Wasserstrahlschneiden lassen? Dann sind sie bei uns genau richtig!Wir ben\u00f6tigen lediglich eine Zeichnung, was geschnitten werden soll und aus welchem Material geschnitten werden soll.Die g\u00e4ngigsten Materialien haben wir auf Lager und k\u00f6nnen so sehr schnell Ihr Projekt realisieren. Wir sind Ihr Partner f\u00fcr Wasserstrahlschneiden in Stuttgart. Sie m\u00f6chten direkt [&hellip;]<\/p>\n","protected":false},"author":2,"featured_media":0,"parent":0,"menu_order":0,"comment_status":"closed","ping_status":"closed","template":"","meta":{"_acf_changed":false,"ghostkit_customizer_options":"","ghostkit_custom_css":"","ghostkit_custom_js_head":"","ghostkit_custom_js_foot":"","ghostkit_typography":"","site-sidebar-layout":"default","site-content-layout":"default","ast-site-content-layout":"default","site-content-style":"default","site-sidebar-style":"default","ast-global-header-display":"","ast-banner-title-visibility":"","ast-main-header-display":"","ast-hfb-above-header-display":"","ast-hfb-below-header-display":"","ast-hfb-mobile-header-display":"","site-post-title":"","ast-breadcrumbs-content":"","ast-featured-img":"","footer-sml-layout":"","theme-transparent-header-meta":"default","adv-header-id-meta":"","stick-header-meta":"default","header-above-stick-meta":"","header-main-stick-meta":"","header-below-stick-meta":"","astra-migrate-meta-layouts":"default","ast-page-background-enabled":"default","ast-page-background-meta":{"desktop":{"background-color":"","background-image":"","background-repeat":"repeat","background-position":"center center","background-size":"auto","background-attachment":"scroll","background-type":"","background-media":"","overlay-type":"","overlay-color":"","overlay-opacity":"","overlay-gradient":""},"tablet":{"background-color":"","background-image":"","background-repeat":"repeat","background-position":"center center","background-size":"auto","background-attachment":"scroll","background-type":"","background-media":"","overlay-type":"","overlay-color":"","overlay-opacity":"","overlay-gradient":""},"mobile":{"background-color":"","background-image":"","background-repeat":"repeat","background-position":"center center","background-size":"auto","background-attachment":"scroll","background-type":"","background-media":"","overlay-type":"","overlay-color":"","overlay-opacity":"","overlay-gradient":""}},"ast-content-background-meta":{"desktop":{"background-color":"var(--ast-global-color-5)","background-image":"","background-repeat":"repeat","background-position":"center center","background-size":"auto","background-attachment":"scroll","background-type":"","background-media":"","overlay-type":"","overlay-color":"","overlay-opacity":"","overlay-gradient":""},"tablet":{"background-color":"var(--ast-global-color-5)","background-image":"","background-repeat":"repeat","background-position":"center center","background-size":"auto","background-attachment":"scroll","background-type":"","background-media":"","overlay-type":"","overlay-color":"","overlay-opacity":"","overlay-gradient":""},"mobile":{"background-color":"var(--ast-global-color-5)","background-image":"","background-repeat":"repeat","background-position":"center center","background-size":"auto","background-attachment":"scroll","background-type":"","background-media":"","overlay-type":"","overlay-color":"","overlay-opacity":"","overlay-gradient":""}},"footnotes":""},"class_list":["post-786","page","type-page","status-publish","hentry"],"acf":[],"_links":{"self":[{"href":"https:\/\/wpa-cutting.com\/de\/wp-json\/wp\/v2\/pages\/786"}],"collection":[{"href":"https:\/\/wpa-cutting.com\/de\/wp-json\/wp\/v2\/pages"}],"about":[{"href":"https:\/\/wpa-cutting.com\/de\/wp-json\/wp\/v2\/types\/page"}],"author":[{"embeddable":true,"href":"https:\/\/wpa-cutting.com\/de\/wp-json\/wp\/v2\/users\/2"}],"replies":[{"embeddable":true,"href":"https:\/\/wpa-cutting.com\/de\/wp-json\/wp\/v2\/comments?post=786"}],"version-history":[{"count":5,"href":"https:\/\/wpa-cutting.com\/de\/wp-json\/wp\/v2\/pages\/786\/revisions"}],"predecessor-version":[{"id":1028,"href":"https:\/\/wpa-cutting.com\/de\/wp-json\/wp\/v2\/pages\/786\/revisions\/1028"}],"wp:attachment":[{"href":"https:\/\/wpa-cutting.com\/de\/wp-json\/wp\/v2\/media?parent=786"}],"curies":[{"name":"wp","href":"https:\/\/api.w.org\/{rel}","templated":true}]}}