{"id":895,"date":"2021-06-24T11:18:09","date_gmt":"2021-06-24T10:18:09","guid":{"rendered":"https:\/\/wpa-cutting.com\/?page_id=895"},"modified":"2023-02-02T11:22:49","modified_gmt":"2023-02-02T10:22:49","slug":"wasserstrahlschneiden-kosten","status":"publish","type":"page","link":"https:\/\/wpa-cutting.com\/de\/wasserstrahlschneiden-kosten\/","title":{"rendered":"Wasserstrahlschneiden Kosten"},"content":{"rendered":"\n<div class=\"wp-block-cover is-light\"><span aria-hidden=\"true\" class=\"wp-block-cover__background has-background-dim\"><\/span><video class=\"wp-block-cover__video-background intrinsic-ignore\" autoplay muted loop playsinline src=\"https:\/\/wpa-cutting.com\/wp-content\/uploads\/2021\/09\/Cutting_Header.mp4\" data-object-fit=\"cover\"><\/video><div class=\"wp-block-cover__inner-container is-layout-flow wp-block-cover-is-layout-flow\">\n<p class=\"has-text-align-center has-ast-global-color-5-color has-text-color has-large-font-size\">Wasserstrahlschneiden Kosten<br>Kosteng\u00fcnstig und effizient!<br>Wir schneiden alles!<\/p>\n<\/div><\/div>\n\n\n\n<div style=\"height:15px\" aria-hidden=\"true\" class=\"wp-block-spacer\"><\/div>\n\n\n\n<h2 class=\"wp-block-heading\" id=\"wasserstrahlschneiden\">Wasserstrahlschneiden<\/h2>\n\n\n\n<p>Mit einer Wasserstrahlschneidemaschine k\u00f6nnen selbst h\u00e4rteste Materialien sauber geschnitten werden. Wir fertigen f\u00fcr Sie von Einzelteilen \u00fcber Prototypen und Rohlingen alles, egal ob Kleinserie oder Gro\u00dfserie. F\u00fcr die Bearbeitung verwenden wir zwei verschiedene Wasserstrahlscheidverfahren: Reinwasser- und Abrasivschneiden. Bei beiden Prozessen k\u00f6nnen wir Materialien bis zu 200 mm Dicke schneiden. Das Reinwasserschneiden wir benutzt, um weiche Materialien zu schneiden, wie zum Beispiel Schaumstoff, Gummi und sogar Holz. F\u00fcr harte Materialien, wie Glas, Panzerglas, Plastik, Metalle, usw. verwenden wir das Abrasiv-Verfahren. Hierbei wird dem Wasserstrahl ein feiner, aber sehr scharfkantiger Sand zugef\u00fcgt, welcher das Bauteil &#8222;zerschneidet&#8220;. Gerne k\u00f6nnen Sie auch direkt bei uns vorbeikommen und sich vor Ort von der Technik zu \u00fcberzeugen.<\/p>\n\n\n\n<div class=\"wp-block-buttons is-horizontal is-content-justification-center is-layout-flex wp-container-core-buttons-is-layout-1 wp-block-buttons-is-layout-flex\">\n<div class=\"wp-block-button\"><a class=\"wp-block-button__link wp-element-button\" href=\"#contact\">Kontaktieren Sie uns<\/a><\/div>\n<\/div>\n\n\n\n<h2 class=\"wp-block-heading\" id=\"hohe-prazision\">Hohe Pr\u00e4zision<\/h2>\n\n\n\n<p>Doch auch besonders kleine und pr\u00e4zise Teile k\u00f6nnen von uns gefertigt werden. F\u00fcr Pr\u00e4zisionsteile setzten wir auf das Microjet Verfahren mit einer Schnittbreite von nur 0,25 mm. So k\u00f6nnen wir sehr genau gefertigte Bauteile f\u00fcr Medizin- und Automobilanwendungen herstellen.<br><\/p>\n\n\n\n<h2 class=\"wp-block-heading\" id=\"wasserstrahlschneiden-kosten\">Wasserstrahlschneiden Kosten<\/h2>\n\n\n\n<p>Leider k\u00f6nnen wir keine Preisliste pr\u00e4sentieren, wir berechnen die Kosten f\u00fcr jedes Projekt individuell, so k\u00f6nnen wir Ihnen immer einen guten Preis garantieren. Die meisten Materialien auch bereits auf Lager haben, k\u00f6nnen wir Ihnen schnell ein gutes Angebot liefern.<\/p>\n\n\n\n<div class=\"wp-block-buttons is-horizontal is-content-justification-center is-layout-flex wp-container-core-buttons-is-layout-2 wp-block-buttons-is-layout-flex\">\n<div class=\"wp-block-button\"><a class=\"wp-block-button__link wp-element-button\" href=\"#contact\">Jetzt anfragen und Angebot erhalten!<\/a><\/div>\n<\/div>\n\n\n\n<h2 class=\"wp-block-heading\" id=\"kostengunstig-wasserstrahlschneiden\">Kosteng\u00fcnstig Wasserstrahlschneiden<\/h2>\n\n\n\n<p>Dadurch, dass wir beim Wasserstrahlschneiden eine sehr kurze R\u00fcstzeit haben, k\u00f6nnen wir selbst Kleinstserien und Prototypen sehr kosteng\u00fcnstig f\u00fcr Sie fertigen. Das Schneiden mit einer Wasserstrahlschneidemaschine hinterl\u00e4sst extrem saubere Kanten, so m\u00fcssen die Bauteile nicht gro\u00df weiter bearbeitet werden, um ein gutes Ergebnis zu erzielen.<\/p>\n\n\n\n<pre class=\"wp-block-verse\">Alles, was wir ben\u00f6tigen, ist eine Zeichnung oder Vorlage.<\/pre>\n\n\n\n<p>Insgesamt kann man sagen, dass Wasserstrahlschneiden eine kosteneffiziente Alternative zu traditionellen Schneidmethoden darstellt. Durch den Einsatz dieser Technologie k\u00f6nnen Unternehmen ihre Kosten reduzieren und gleichzeitig ihre Effizienz und Produktivit\u00e4t verbessern. Daher lohnt es sich, die Wasserstrahlschneiden Kosten genauer zu betrachten, um die Vorteile dieser Technologie voll auszusch\u00f6pfen.<\/p>\n\n\n\n<h2 class=\"wp-block-heading\" id=\"wasserstrahlschneiden-materialen\">Wasserstrahlschneiden Materialen<\/h2>\n\n\n\n<p>Wir k\u00f6nnen nahezu jedes Material mit unseren Maschinen schneiden. Unser Team mit \u00fcber 20 Jahren Erfahrung kennt fast jedes Material.<\/p>\n\n\n\n<figure class=\"wp-block-gallery has-nested-images columns-default is-cropped wp-block-gallery-1 is-layout-flex wp-block-gallery-is-layout-flex\">\n<figure class=\"wp-block-image size-large\"><img loading=\"lazy\" decoding=\"async\" width=\"1024\" height=\"682\" data-id=\"664\" src=\"https:\/\/wpa-cutting.com\/wp-content\/uploads\/2020\/08\/Dichtung_2-1024x682.jpg\" alt=\"Wasserstrahlschneiden Dichtung\" class=\"wp-image-664\" srcset=\"https:\/\/wpa-cutting.com\/wp-content\/uploads\/2020\/08\/Dichtung_2-1024x682.jpg 1024w, https:\/\/wpa-cutting.com\/wp-content\/uploads\/2020\/08\/Dichtung_2-300x200.jpg 300w, https:\/\/wpa-cutting.com\/wp-content\/uploads\/2020\/08\/Dichtung_2-768x512.jpg 768w, https:\/\/wpa-cutting.com\/wp-content\/uploads\/2020\/08\/Dichtung_2.jpg 1400w\" sizes=\"(max-width: 1024px) 100vw, 1024px\" \/><figcaption class=\"wp-element-caption\">Dichtung<\/figcaption><\/figure>\n\n\n\n<figure class=\"wp-block-image size-large\"><img loading=\"lazy\" decoding=\"async\" width=\"1024\" height=\"1004\" data-id=\"650\" src=\"https:\/\/wpa-cutting.com\/wp-content\/uploads\/2020\/08\/turbine-1024x1004.jpg\" alt=\"Wasserstrahlschneiden Aluminium Turbine\" class=\"wp-image-650\" srcset=\"https:\/\/wpa-cutting.com\/wp-content\/uploads\/2020\/08\/turbine-1024x1004.jpg 1024w, https:\/\/wpa-cutting.com\/wp-content\/uploads\/2020\/08\/turbine-300x294.jpg 300w, https:\/\/wpa-cutting.com\/wp-content\/uploads\/2020\/08\/turbine-768x753.jpg 768w, https:\/\/wpa-cutting.com\/wp-content\/uploads\/2020\/08\/turbine-1536x1506.jpg 1536w, https:\/\/wpa-cutting.com\/wp-content\/uploads\/2020\/08\/turbine-2048x2008.jpg 2048w\" sizes=\"(max-width: 1024px) 100vw, 1024px\" \/><figcaption class=\"wp-element-caption\">Turbine<\/figcaption><\/figure>\n\n\n\n<figure class=\"wp-block-image size-large\"><img loading=\"lazy\" decoding=\"async\" width=\"1024\" height=\"1024\" data-id=\"646\" src=\"https:\/\/wpa-cutting.com\/wp-content\/uploads\/2020\/08\/small_thing-1024x1024.jpg\" alt=\"Pr\u00e4zise Metall Wasserstrahlschneiden\" class=\"wp-image-646\" srcset=\"https:\/\/wpa-cutting.com\/wp-content\/uploads\/2020\/08\/small_thing-1024x1024.jpg 1024w, https:\/\/wpa-cutting.com\/wp-content\/uploads\/2020\/08\/small_thing-300x300.jpg 300w, https:\/\/wpa-cutting.com\/wp-content\/uploads\/2020\/08\/small_thing-150x150.jpg 150w, https:\/\/wpa-cutting.com\/wp-content\/uploads\/2020\/08\/small_thing-768x768.jpg 768w, https:\/\/wpa-cutting.com\/wp-content\/uploads\/2020\/08\/small_thing-1536x1536.jpg 1536w, https:\/\/wpa-cutting.com\/wp-content\/uploads\/2020\/08\/small_thing.jpg 1800w\" sizes=\"(max-width: 1024px) 100vw, 1024px\" \/><\/figure>\n\n\n\n<figure class=\"wp-block-image size-large\"><img loading=\"lazy\" decoding=\"async\" width=\"974\" height=\"1024\" data-id=\"637\" src=\"https:\/\/wpa-cutting.com\/wp-content\/uploads\/2020\/08\/golf-974x1024.jpg\" alt=\"\" class=\"wp-image-637\" srcset=\"https:\/\/wpa-cutting.com\/wp-content\/uploads\/2020\/08\/golf-974x1024.jpg 974w, https:\/\/wpa-cutting.com\/wp-content\/uploads\/2020\/08\/golf-285x300.jpg 285w, https:\/\/wpa-cutting.com\/wp-content\/uploads\/2020\/08\/golf-768x807.jpg 768w, https:\/\/wpa-cutting.com\/wp-content\/uploads\/2020\/08\/golf-1462x1536.jpg 1462w, https:\/\/wpa-cutting.com\/wp-content\/uploads\/2020\/08\/golf-1949x2048.jpg 1949w\" sizes=\"(max-width: 974px) 100vw, 974px\" \/><figcaption class=\"wp-element-caption\">Golf-Skulptur aus Aluminium und Holz<\/figcaption><\/figure>\n\n\n\n<figure class=\"wp-block-image size-large\"><img loading=\"lazy\" decoding=\"async\" width=\"1024\" height=\"1024\" data-id=\"633\" src=\"https:\/\/wpa-cutting.com\/wp-content\/uploads\/2020\/08\/gear-1024x1024.jpg\" alt=\"Wasserstrahlschneiden Edelstahl\" class=\"wp-image-633\" srcset=\"https:\/\/wpa-cutting.com\/wp-content\/uploads\/2020\/08\/gear-1024x1024.jpg 1024w, https:\/\/wpa-cutting.com\/wp-content\/uploads\/2020\/08\/gear-300x300.jpg 300w, https:\/\/wpa-cutting.com\/wp-content\/uploads\/2020\/08\/gear-150x150.jpg 150w, https:\/\/wpa-cutting.com\/wp-content\/uploads\/2020\/08\/gear-768x768.jpg 768w, https:\/\/wpa-cutting.com\/wp-content\/uploads\/2020\/08\/gear-1536x1536.jpg 1536w, https:\/\/wpa-cutting.com\/wp-content\/uploads\/2020\/08\/gear.jpg 2000w\" sizes=\"(max-width: 1024px) 100vw, 1024px\" \/><figcaption class=\"wp-element-caption\">Edelstahl Wasserstrahl<\/figcaption><\/figure>\n\n\n\n<figure class=\"wp-block-image size-large\"><img loading=\"lazy\" decoding=\"async\" width=\"1024\" height=\"660\" data-id=\"627\" src=\"https:\/\/wpa-cutting.com\/wp-content\/uploads\/2020\/08\/carbon-1024x660.jpg\" alt=\"\" class=\"wp-image-627\" srcset=\"https:\/\/wpa-cutting.com\/wp-content\/uploads\/2020\/08\/carbon-1024x660.jpg 1024w, https:\/\/wpa-cutting.com\/wp-content\/uploads\/2020\/08\/carbon-300x193.jpg 300w, https:\/\/wpa-cutting.com\/wp-content\/uploads\/2020\/08\/carbon-768x495.jpg 768w, https:\/\/wpa-cutting.com\/wp-content\/uploads\/2020\/08\/carbon-1536x990.jpg 1536w, https:\/\/wpa-cutting.com\/wp-content\/uploads\/2020\/08\/carbon-2048x1320.jpg 2048w\" sizes=\"(max-width: 1024px) 100vw, 1024px\" \/><figcaption class=\"wp-element-caption\">CFK 75 mm Dicke<\/figcaption><\/figure>\n<\/figure>\n\n\n\n<div style=\"height:15px\" aria-hidden=\"true\" class=\"wp-block-spacer\"><\/div>\n\n\n\n<div class=\"ghostkit-button-wrapper ghostkit-button-wrapper-gap-md\"><div class=\"ghostkit-button-wrapper-inner\">\n<a class=\"ghostkit-button ghostkit-button-md\" href=\"\/#faq\"><span class=\"ghostkit-button-text\">Zum Wasserstrahl FAQ<\/span><\/a>\n\n\n\n<a class=\"ghostkit-button ghostkit-button-md\" href=\"https:\/\/wpa-gmbh.com\/de\/shop\" rel=\"noopener\"><span class=\"ghostkit-button-text\">Ersatzteile f\u00fcr Wasserstrahlmaschinen<\/span><\/a>\n<\/div><\/div>\n\n\n\n<h2 class=\"wp-block-heading\" id=\"ueber-uns\">Wir sind f\u00fcr Sie da. In Karlsruhe, regional, bundes- und europaweit.<\/h2>\n\n\n\n<div class=\"wp-block-columns is-layout-flex wp-container-core-columns-is-layout-1 wp-block-columns-is-layout-flex\">\n<div class=\"wp-block-column is-layout-flow wp-block-column-is-layout-flow\">\n<div class=\"ghostkit-icon-box\"><div class=\"ghostkit-icon-box-icon ghostkit-icon-box-icon-align-left\"><svg class=\"ghostkit-svg-icon ghostkit-svg-icon-fa\" aria-hidden=\"true\" role=\"img\" xmlns=\"http:\/\/www.w3.org\/2000\/svg\" viewBox=\"0 0 640 512\"><path fill=\"currentColor\" d=\"M616 192H480V24c0-13.26-10.74-24-24-24H312c-13.26 0-24 10.74-24 24v72h-64V16c0-8.84-7.16-16-16-16h-16c-8.84 0-16 7.16-16 16v80h-64V16c0-8.84-7.16-16-16-16H80c-8.84 0-16 7.16-16 16v80H24c-13.26 0-24 10.74-24 24v360c0 17.67 14.33 32 32 32h576c17.67 0 32-14.33 32-32V216c0-13.26-10.75-24-24-24zM128 404c0 6.63-5.37 12-12 12H76c-6.63 0-12-5.37-12-12v-40c0-6.63 5.37-12 12-12h40c6.63 0 12 5.37 12 12v40zm0-96c0 6.63-5.37 12-12 12H76c-6.63 0-12-5.37-12-12v-40c0-6.63 5.37-12 12-12h40c6.63 0 12 5.37 12 12v40zm0-96c0 6.63-5.37 12-12 12H76c-6.63 0-12-5.37-12-12v-40c0-6.63 5.37-12 12-12h40c6.63 0 12 5.37 12 12v40zm128 192c0 6.63-5.37 12-12 12h-40c-6.63 0-12-5.37-12-12v-40c0-6.63 5.37-12 12-12h40c6.63 0 12 5.37 12 12v40zm0-96c0 6.63-5.37 12-12 12h-40c-6.63 0-12-5.37-12-12v-40c0-6.63 5.37-12 12-12h40c6.63 0 12 5.37 12 12v40zm0-96c0 6.63-5.37 12-12 12h-40c-6.63 0-12-5.37-12-12v-40c0-6.63 5.37-12 12-12h40c6.63 0 12 5.37 12 12v40zm160 96c0 6.63-5.37 12-12 12h-40c-6.63 0-12-5.37-12-12v-40c0-6.63 5.37-12 12-12h40c6.63 0 12 5.37 12 12v40zm0-96c0 6.63-5.37 12-12 12h-40c-6.63 0-12-5.37-12-12v-40c0-6.63 5.37-12 12-12h40c6.63 0 12 5.37 12 12v40zm0-96c0 6.63-5.37 12-12 12h-40c-6.63 0-12-5.37-12-12V76c0-6.63 5.37-12 12-12h40c6.63 0 12 5.37 12 12v40zm160 288c0 6.63-5.37 12-12 12h-40c-6.63 0-12-5.37-12-12v-40c0-6.63 5.37-12 12-12h40c6.63 0 12 5.37 12 12v40zm0-96c0 6.63-5.37 12-12 12h-40c-6.63 0-12-5.37-12-12v-40c0-6.63 5.37-12 12-12h40c6.63 0 12 5.37 12 12v40z\"><\/path><\/svg><\/div><div class=\"ghostkit-icon-box-content is-layout-flow wp-block-icon-box-is-layout-flow\">\n<h4 class=\"wp-block-heading\" id=\"bundesweit-regional\">Bundesweit &amp; Regional<\/h4>\n\n\n\n<p>Da wir viele Materialien bereits auf Lager haben und flexibel produzieren, k\u00f6nnen wir schnell bundes- und europaweit liefern.<\/p>\n<\/div><\/div>\n<\/div>\n\n\n\n<div class=\"wp-block-column is-layout-flow wp-block-column-is-layout-flow\">\n<div class=\"ghostkit-icon-box\"><div class=\"ghostkit-icon-box-icon ghostkit-icon-box-icon-align-left\"><svg class=\"ghostkit-svg-icon ghostkit-svg-icon-fa\" aria-hidden=\"true\" role=\"img\" xmlns=\"http:\/\/www.w3.org\/2000\/svg\" viewBox=\"0 0 496 512\"><path fill=\"currentColor\" d=\"M248 8C111.03 8 0 119.03 0 256s111.03 248 248 248 248-111.03 248-248S384.97 8 248 8zm160 215.5v6.93c0 5.87-3.32 11.24-8.57 13.86l-15.39 7.7a15.485 15.485 0 0 1-15.53-.97l-18.21-12.14a15.52 15.52 0 0 0-13.5-1.81l-2.65.88c-9.7 3.23-13.66 14.79-7.99 23.3l13.24 19.86c2.87 4.31 7.71 6.9 12.89 6.9h8.21c8.56 0 15.5 6.94 15.5 15.5v11.34c0 3.35-1.09 6.62-3.1 9.3l-18.74 24.98c-1.42 1.9-2.39 4.1-2.83 6.43l-4.3 22.83c-.62 3.29-2.29 6.29-4.76 8.56a159.608 159.608 0 0 0-25 29.16l-13.03 19.55a27.756 27.756 0 0 1-23.09 12.36c-10.51 0-20.12-5.94-24.82-15.34a78.902 78.902 0 0 1-8.33-35.29V367.5c0-8.56-6.94-15.5-15.5-15.5h-25.88c-14.49 0-28.38-5.76-38.63-16a54.659 54.659 0 0 1-16-38.63v-14.06c0-17.19 8.1-33.38 21.85-43.7l27.58-20.69a54.663 54.663 0 0 1 32.78-10.93h.89c8.48 0 16.85 1.97 24.43 5.77l14.72 7.36c3.68 1.84 7.93 2.14 11.83.84l47.31-15.77c6.33-2.11 10.6-8.03 10.6-14.7 0-8.56-6.94-15.5-15.5-15.5h-10.09c-4.11 0-8.05-1.63-10.96-4.54l-6.92-6.92a15.493 15.493 0 0 0-10.96-4.54H199.5c-8.56 0-15.5-6.94-15.5-15.5v-4.4c0-7.11 4.84-13.31 11.74-15.04l14.45-3.61c3.74-.94 7-3.23 9.14-6.44l8.08-12.11c2.87-4.31 7.71-6.9 12.89-6.9h24.21c8.56 0 15.5-6.94 15.5-15.5v-21.7C359.23 71.63 422.86 131.02 441.93 208H423.5c-8.56 0-15.5 6.94-15.5 15.5z\"><\/path><\/svg><\/div><div class=\"ghostkit-icon-box-content is-layout-flow wp-block-icon-box-is-layout-flow\">\n<h4 class=\"wp-block-heading\" id=\"europaweit\">Europaweit<\/h4>\n\n\n\n<p>Kunden in ganz Europa vertrauen uns mit ihren Projekten. Wir k\u00f6nnen verl\u00e4sslich europweit liefern.<\/p>\n<\/div><\/div>\n<\/div>\n<\/div>\n\n\n\n<div class=\"wp-block-group\"><div class=\"wp-block-group__inner-container is-layout-flow wp-block-group-is-layout-flow\">\n<div style=\"height:20px\" aria-hidden=\"true\" class=\"wp-block-spacer\"><\/div>\n\n\n\n<div class=\"wp-block-columns is-layout-flex wp-container-core-columns-is-layout-2 wp-block-columns-is-layout-flex\">\n<div class=\"wp-block-column is-layout-flow wp-block-column-is-layout-flow\">\n<h3 class=\"wp-block-heading\">Kontakt und Beratung<\/h3>\n\n\n\n<h5 class=\"wp-block-heading\">Waterjet Production Academy GmbH<\/h5>\n\n\n\n<p>Zeppelinstra\u00dfe 7a<br>D-76185 Karlsruhe<\/p>\n\n\n\n<p><a href=\"tel:+4972146466226\">+49(0)721 46466226<\/a><br><a href=\"mailto:info@wpa-gmbh.com\" class=\"rank-math-link\">info@wpa-gmbh.com<\/a><\/p>\n<\/div>\n\n\n\n<div class=\"wp-block-column is-layout-flow wp-block-column-is-layout-flow\">\n<figure class=\"wp-block-image size-large\"><img loading=\"lazy\" decoding=\"async\" width=\"1024\" height=\"587\" src=\"https:\/\/wpa-cutting.com\/wp-content\/uploads\/2020\/08\/aussen-1024x587.jpg\" alt=\"\" class=\"wp-image-199\" srcset=\"https:\/\/wpa-cutting.com\/wp-content\/uploads\/2020\/08\/aussen-1024x587.jpg 1024w, https:\/\/wpa-cutting.com\/wp-content\/uploads\/2020\/08\/aussen-300x172.jpg 300w, https:\/\/wpa-cutting.com\/wp-content\/uploads\/2020\/08\/aussen-768x440.jpg 768w, https:\/\/wpa-cutting.com\/wp-content\/uploads\/2020\/08\/aussen-1536x880.jpg 1536w, https:\/\/wpa-cutting.com\/wp-content\/uploads\/2020\/08\/aussen.jpg 1800w\" sizes=\"(max-width: 1024px) 100vw, 1024px\" \/><\/figure>\n<\/div>\n<\/div>\n\n\n\n<h3 class=\"wp-block-heading\">Wir arbeiten Bundesweit!<\/h3>\n\n\n\n<p>Wir bieten unsere Dienstleistungen nicht nur regional in Karlsruhe (Baden-W\u00fcrttemberg) an, sondern \u00fcbernehmen auch bundes- und europaweit Projekte f\u00fcr unsere Kunden. Da wir viele Werkstoffe und Materialien bereits direkt auf Lager haben und mit zuverl\u00e4ssigen Speditionen zusammenarbeiten, ist f\u00fcr uns die geografische Entfernung nur auf dem Papier vorhanden. Wir betreuen Kunden bereits Kunden aus den St\u00e4dten Karlsruhe, Stuttgart, M\u00fcnchen, Hamburg, Berlin, und vielen weiteren Deutschen Gro\u00dfst\u00e4dten. Wir sind f\u00fcr Anfragen aus Bundesl\u00e4ndern wie Bayern, Rheinland-Pfalz, Hessen, Th\u00fcringen und allen anderen offen.<\/p>\n<\/div><\/div>\n","protected":false},"excerpt":{"rendered":"<p>Wasserstrahlschneiden Mit einer Wasserstrahlschneidemaschine k\u00f6nnen selbst h\u00e4rteste Materialien sauber geschnitten werden. Wir fertigen f\u00fcr Sie von Einzelteilen \u00fcber Prototypen und Rohlingen alles, egal ob Kleinserie oder Gro\u00dfserie. F\u00fcr die Bearbeitung verwenden wir zwei verschiedene Wasserstrahlscheidverfahren: Reinwasser- und Abrasivschneiden. Bei beiden Prozessen k\u00f6nnen wir Materialien bis zu 200 mm Dicke schneiden. Das Reinwasserschneiden wir benutzt, um [&hellip;]<\/p>\n","protected":false},"author":2,"featured_media":0,"parent":0,"menu_order":0,"comment_status":"closed","ping_status":"closed","template":"","meta":{"_acf_changed":false,"ghostkit_customizer_options":"","ghostkit_custom_css":"","ghostkit_custom_js_head":"","ghostkit_custom_js_foot":"","ghostkit_typography":"","site-sidebar-layout":"default","site-content-layout":"default","ast-site-content-layout":"default","site-content-style":"default","site-sidebar-style":"default","ast-global-header-display":"","ast-banner-title-visibility":"","ast-main-header-display":"","ast-hfb-above-header-display":"","ast-hfb-below-header-display":"","ast-hfb-mobile-header-display":"","site-post-title":"","ast-breadcrumbs-content":"","ast-featured-img":"","footer-sml-layout":"","theme-transparent-header-meta":"default","adv-header-id-meta":"","stick-header-meta":"default","header-above-stick-meta":"","header-main-stick-meta":"","header-below-stick-meta":"","astra-migrate-meta-layouts":"default","ast-page-background-enabled":"default","ast-page-background-meta":{"desktop":{"background-color":"","background-image":"","background-repeat":"repeat","background-position":"center center","background-size":"auto","background-attachment":"scroll","background-type":"","background-media":"","overlay-type":"","overlay-color":"","overlay-opacity":"","overlay-gradient":""},"tablet":{"background-color":"","background-image":"","background-repeat":"repeat","background-position":"center center","background-size":"auto","background-attachment":"scroll","background-type":"","background-media":"","overlay-type":"","overlay-color":"","overlay-opacity":"","overlay-gradient":""},"mobile":{"background-color":"","background-image":"","background-repeat":"repeat","background-position":"center center","background-size":"auto","background-attachment":"scroll","background-type":"","background-media":"","overlay-type":"","overlay-color":"","overlay-opacity":"","overlay-gradient":""}},"ast-content-background-meta":{"desktop":{"background-color":"var(--ast-global-color-5)","background-image":"","background-repeat":"repeat","background-position":"center center","background-size":"auto","background-attachment":"scroll","background-type":"","background-media":"","overlay-type":"","overlay-color":"","overlay-opacity":"","overlay-gradient":""},"tablet":{"background-color":"var(--ast-global-color-5)","background-image":"","background-repeat":"repeat","background-position":"center center","background-size":"auto","background-attachment":"scroll","background-type":"","background-media":"","overlay-type":"","overlay-color":"","overlay-opacity":"","overlay-gradient":""},"mobile":{"background-color":"var(--ast-global-color-5)","background-image":"","background-repeat":"repeat","background-position":"center center","background-size":"auto","background-attachment":"scroll","background-type":"","background-media":"","overlay-type":"","overlay-color":"","overlay-opacity":"","overlay-gradient":""}},"footnotes":""},"class_list":["post-895","page","type-page","status-publish","hentry"],"acf":[],"_links":{"self":[{"href":"https:\/\/wpa-cutting.com\/de\/wp-json\/wp\/v2\/pages\/895"}],"collection":[{"href":"https:\/\/wpa-cutting.com\/de\/wp-json\/wp\/v2\/pages"}],"about":[{"href":"https:\/\/wpa-cutting.com\/de\/wp-json\/wp\/v2\/types\/page"}],"author":[{"embeddable":true,"href":"https:\/\/wpa-cutting.com\/de\/wp-json\/wp\/v2\/users\/2"}],"replies":[{"embeddable":true,"href":"https:\/\/wpa-cutting.com\/de\/wp-json\/wp\/v2\/comments?post=895"}],"version-history":[{"count":8,"href":"https:\/\/wpa-cutting.com\/de\/wp-json\/wp\/v2\/pages\/895\/revisions"}],"predecessor-version":[{"id":1073,"href":"https:\/\/wpa-cutting.com\/de\/wp-json\/wp\/v2\/pages\/895\/revisions\/1073"}],"wp:attachment":[{"href":"https:\/\/wpa-cutting.com\/de\/wp-json\/wp\/v2\/media?parent=895"}],"curies":[{"name":"wp","href":"https:\/\/api.w.org\/{rel}","templated":true}]}}