{"id":974,"date":"2021-07-05T10:38:56","date_gmt":"2021-07-05T09:38:56","guid":{"rendered":"https:\/\/wpa-cutting.com\/?page_id=974"},"modified":"2023-03-01T09:00:51","modified_gmt":"2023-03-01T08:00:51","slug":"metall-wasserstrahlschneiden","status":"publish","type":"page","link":"https:\/\/wpa-cutting.com\/de\/anwendungen\/metall-wasserstrahlschneiden\/","title":{"rendered":"Metall Wasserstrahlschneiden"},"content":{"rendered":"\n<div class=\"wp-block-cover is-light\"><span aria-hidden=\"true\" class=\"wp-block-cover__background has-background-dim\"><\/span><video class=\"wp-block-cover__video-background intrinsic-ignore\" autoplay muted loop playsinline src=\"https:\/\/wpa-cutting.com\/wp-content\/uploads\/2020\/08\/cutting_video_wpa.mp4\" data-object-fit=\"cover\"><\/video><div class=\"wp-block-cover__inner-container is-layout-flow wp-block-cover-is-layout-flow\">\n<h1 class=\"has-text-align-center has-ast-global-color-5-color has-text-color wp-block-heading\" id=\"metall-wasserstrahlschneiden\">Metall Wasserstrahlschneiden<\/h1>\n\n\n\n<p><\/p>\n<\/div><\/div>\n\n\n\n<div style=\"height:25px\" aria-hidden=\"true\" class=\"wp-block-spacer\"><\/div>\n\n\n\n<h2 class=\"wp-block-heading\" id=\"metall-wasserstrahlschneiden-und-das-zu-super-preisen\">Metall Wasserstrahlschneiden und das zu super Preisen?<\/h2>\n\n\n\n<p>Beim Schneiden von Metallen ist Wasserstrahlschneiden vielseitiger, im Vergleich mit Laser- und Plasmaschneiden. Es k\u00f6nnen Materialien mit einer Dicke von bis zu 300 mm geschnitten werden. <\/p>\n\n\n\n<p>Die einzigartige F\u00e4higkeit einer Wasserstrahlschneidemaschine mit einem Abrasiv-Wasserstrahl, sehr komplizierte und filigrane Muster mit hoher Geschwindigkeit zu schneiden, ohne das Werkst\u00fcck zu zerbrechen, bietet Ihnen einzigartige M\u00f6glichkeiten. <br>Durch diese Technologie k\u00f6nnen wir f\u00fcr Sie nahezu jede Idee realisieren und g\u00fcnstig fertigen.<br>Wir k\u00f6nnen jedes Material bzw. Metall Wasserstrahlschneiden.<\/p>\n\n\n\n<p>Im Vergleich mit traditionellen Schneidwerkzeugen und CNC-Maschinen k\u00f6nnen wir mit unseren Wasserstrahlschneidanlagen Konturen und Formen schneiden, welche sonst nicht m\u00f6glich w\u00e4ren. Gleichzeitig sorgt die Wasserstrahltechnik f\u00fcr eine drastische Reduzierung der Bearbeitungszeiten. Diese Einsparung sorgen f\u00fcr eine kosteng\u00fcnstige Produktion, die trotz der hohen Genauigkeit und Geschwindigkeit ein perfektes Resultat ohne Nachbearbeitung f\u00fcr einen guten Preis liefern.<\/p>\n\n\n\n<h2 class=\"wp-block-heading\" id=\"perfekte-schnittkanten\">Perfekte Schnittkanten<\/h2>\n\n\n\n<p>Das Wasserstrahlschneiden ist ein Kaltschneidprozess, der durch dieses Merkmal ideal f\u00fcr Anwendungen ist, bei denen das Werkst\u00fcck nicht durch Hitze beeinflusst werden darf. Durch diese Eigenschaft ist auch eine perfekte Ma\u00dfhaltigkeit gegeben, da sich das Bauteil nicht durch Hitzeeinwirkungen verzieht. Dadurch ist es uns m\u00f6glich selbst sehr filigrane Designs zu fertigen. Das Material beh\u00e4lt sein originales Aussehen und seine urspr\u00fcngliche Festigkeit bei.<\/p>\n\n\n\n<h2 class=\"wp-block-heading\" id=\"minimale-schnittfugen\">Minimale Schnittfugen<\/h2>\n\n\n\n<p>Durch die M\u00f6glichkeit sehr geringe Schnittbreite mit einer Wasserstrahlschneideanlage zu erzielen, k\u00f6nnen wir nahezu jedes Design perfekt realisieren.<br>Mit unseren Maschinen k\u00f6nnen wir f\u00fcr Sie komplizierte Metallplatten, sowie schwierige Ecken und L\u00f6cher an Plattenkanten einfach schneiden. Auch haben wir beim Schneiden mit dem Wasserstrahl einen geringeren Materialausschuss, im Vergleich zu anderen Methoden.<\/p>\n\n\n\n<figure class=\"wp-block-gallery has-nested-images columns-4 is-cropped wp-block-gallery-1 is-layout-flex wp-block-gallery-is-layout-flex\">\n<figure class=\"wp-block-image size-large\"><img loading=\"lazy\" decoding=\"async\" width=\"1024\" height=\"1024\" data-id=\"646\" src=\"https:\/\/wpa-cutting.com\/wp-content\/uploads\/2020\/08\/small_thing-1024x1024.jpg\" alt=\"Pr\u00e4zise Metall Wasserstrahlschneiden\" class=\"wp-image-646\" srcset=\"https:\/\/wpa-cutting.com\/wp-content\/uploads\/2020\/08\/small_thing-1024x1024.jpg 1024w, https:\/\/wpa-cutting.com\/wp-content\/uploads\/2020\/08\/small_thing-300x300.jpg 300w, https:\/\/wpa-cutting.com\/wp-content\/uploads\/2020\/08\/small_thing-150x150.jpg 150w, https:\/\/wpa-cutting.com\/wp-content\/uploads\/2020\/08\/small_thing-768x768.jpg 768w, https:\/\/wpa-cutting.com\/wp-content\/uploads\/2020\/08\/small_thing-1536x1536.jpg 1536w, https:\/\/wpa-cutting.com\/wp-content\/uploads\/2020\/08\/small_thing.jpg 1800w\" sizes=\"(max-width: 1024px) 100vw, 1024px\" \/><figcaption class=\"wp-element-caption\">Pr\u00e4zise Metall Wasserstrahlschneiden<\/figcaption><\/figure>\n\n\n\n<figure class=\"wp-block-image size-large\"><img loading=\"lazy\" decoding=\"async\" width=\"1024\" height=\"1024\" data-id=\"647\" src=\"https:\/\/wpa-cutting.com\/wp-content\/uploads\/2020\/08\/stack-1024x1024.jpg\" alt=\"\" class=\"wp-image-647\" srcset=\"https:\/\/wpa-cutting.com\/wp-content\/uploads\/2020\/08\/stack-1024x1024.jpg 1024w, https:\/\/wpa-cutting.com\/wp-content\/uploads\/2020\/08\/stack-300x300.jpg 300w, https:\/\/wpa-cutting.com\/wp-content\/uploads\/2020\/08\/stack-150x150.jpg 150w, https:\/\/wpa-cutting.com\/wp-content\/uploads\/2020\/08\/stack-768x768.jpg 768w, https:\/\/wpa-cutting.com\/wp-content\/uploads\/2020\/08\/stack-1536x1536.jpg 1536w, https:\/\/wpa-cutting.com\/wp-content\/uploads\/2020\/08\/stack-2048x2048.jpg 2048w\" sizes=\"(max-width: 1024px) 100vw, 1024px\" \/><figcaption class=\"wp-element-caption\">Schichtschnitt<\/figcaption><\/figure>\n\n\n\n<figure class=\"wp-block-image size-large\"><img loading=\"lazy\" decoding=\"async\" width=\"1024\" height=\"1024\" data-id=\"633\" src=\"https:\/\/wpa-cutting.com\/wp-content\/uploads\/2020\/08\/gear-1024x1024.jpg\" alt=\"Wasserstrahlschneiden Edelstahl\" class=\"wp-image-633\" srcset=\"https:\/\/wpa-cutting.com\/wp-content\/uploads\/2020\/08\/gear-1024x1024.jpg 1024w, https:\/\/wpa-cutting.com\/wp-content\/uploads\/2020\/08\/gear-300x300.jpg 300w, https:\/\/wpa-cutting.com\/wp-content\/uploads\/2020\/08\/gear-150x150.jpg 150w, https:\/\/wpa-cutting.com\/wp-content\/uploads\/2020\/08\/gear-768x768.jpg 768w, https:\/\/wpa-cutting.com\/wp-content\/uploads\/2020\/08\/gear-1536x1536.jpg 1536w, https:\/\/wpa-cutting.com\/wp-content\/uploads\/2020\/08\/gear.jpg 2000w\" sizes=\"(max-width: 1024px) 100vw, 1024px\" \/><figcaption class=\"wp-element-caption\">Edelstahl Wasserstrahl<\/figcaption><\/figure>\n\n\n\n<figure class=\"wp-block-image size-large\"><img loading=\"lazy\" decoding=\"async\" width=\"974\" height=\"1024\" data-id=\"637\" src=\"https:\/\/wpa-cutting.com\/wp-content\/uploads\/2020\/08\/golf-974x1024.jpg\" alt=\"\" class=\"wp-image-637\" srcset=\"https:\/\/wpa-cutting.com\/wp-content\/uploads\/2020\/08\/golf-974x1024.jpg 974w, https:\/\/wpa-cutting.com\/wp-content\/uploads\/2020\/08\/golf-285x300.jpg 285w, https:\/\/wpa-cutting.com\/wp-content\/uploads\/2020\/08\/golf-768x807.jpg 768w, https:\/\/wpa-cutting.com\/wp-content\/uploads\/2020\/08\/golf-1462x1536.jpg 1462w, https:\/\/wpa-cutting.com\/wp-content\/uploads\/2020\/08\/golf-1949x2048.jpg 1949w\" sizes=\"(max-width: 974px) 100vw, 974px\" \/><figcaption class=\"wp-element-caption\">Golf-Skulptur aus Aluminium und Holz<\/figcaption><\/figure>\n<\/figure>\n\n\n\n<div style=\"height:25px\" aria-hidden=\"true\" class=\"wp-block-spacer\"><\/div>\n\n\n\n<div class=\"inherit-container-width wp-block-group is-layout-constrained wp-block-group-is-layout-constrained\"><div class=\"wp-block-group__inner-container\">\n<div class=\"wp-block-columns is-layout-flex wp-container-core-columns-is-layout-1 wp-block-columns-is-layout-flex\">\n<div class=\"wp-block-column is-layout-flow wp-block-column-is-layout-flow\">\n<h2 class=\"wp-block-heading\" id=\"stellen-sie-uns-auf-die-probe\">Stellen Sie uns auf die Probe.<\/h2>\n\n\n\n<p class=\"has-medium-font-size\">Ihr Material, Ihre Anforderungen, unsere Wasserstrahlschneideanlagen.<\/p>\n<\/div>\n\n\n\n<div class=\"wp-block-column is-layout-flow wp-block-column-is-layout-flow\">\n<div class=\"wp-block-buttons is-horizontal is-content-justification-center is-layout-flex wp-container-core-buttons-is-layout-1 wp-block-buttons-is-layout-flex\">\n<div class=\"wp-block-button\"><a class=\"wp-block-button__link wp-element-button\" href=\"#contact\">Fragen Sie jetzt Ihren Testschnitt an<\/a><\/div>\n<\/div>\n<\/div>\n<\/div>\n<\/div><\/div>\n\n\n\n<h2 class=\"wp-block-heading\" id=\"wasserstrahlschneiden-die-technik\">Wasserstrahlschneiden &#8211; die Technik<\/h2>\n\n\n\n<p>Das Wasser wird von einer spezialisierten Hochdruckpumpe unter Hochdruck gesetzt, diese ist extra f\u00fcr extreme Dr\u00fccke ausgelegt ist. Durch den extremen Wasserdruck von bis zu 6000 bar kann das Wasser beim Verlassen der D\u00fcse die doppelte Schallgeschwindigkeit erreichen. Zum Schneiden von relativ weichen Materialien wie Gummi und D\u00e4mmstoffen verwenden wir nur den reinen Wasserstrahl, der geb\u00fcndelt und extrem beschleunigt wird. Beim Wasserstrahlschneiden von festeren und hochfesten Materialien wird dem Wasserstrahl extra ein scharfer, spitzer Sand zugef\u00fchrt. Dieser Sand wird auch Abrasiv genannt und dient als Schleifmittel, welches das Material beim Schneiden quasi weg schleift.<br>Streng genommen handelt es sich bei diesem Schleifverfahren nicht um Schneiden, sondern um Hochgeschwindigkeits-Schleifen.<\/p>\n\n\n\n<div class=\"wp-block-buttons is-horizontal is-content-justification-center is-layout-flex wp-container-core-buttons-is-layout-2 wp-block-buttons-is-layout-flex\">\n<div class=\"wp-block-button\"><a class=\"wp-block-button__link wp-element-button\" href=\"https:\/\/wpa-cutting.com\/de\/anwendungen\">Weitere Anwendungen<\/a><\/div>\n\n\n\n<div class=\"wp-block-button\"><a class=\"wp-block-button__link wp-element-button\" href=\"https:\/\/wpa-cutting.com\/de\/\">Homepage<\/a><\/div>\n\n\n\n<div class=\"wp-block-button\"><a class=\"wp-block-button__link wp-element-button\" href=\"https:\/\/wpa-cutting.com\/de\/#anwendung\">Beispiele<\/a><\/div>\n\n\n\n<div class=\"wp-block-button\"><a class=\"wp-block-button__link wp-element-button\" href=\"https:\/\/wpa-training.com\/de\/\" rel=\"noopener\">Wasserstrahl Kurse<\/a><\/div>\n<\/div>\n","protected":false},"excerpt":{"rendered":"<p>Metall Wasserstrahlschneiden und das zu super Preisen? Beim Schneiden von Metallen ist Wasserstrahlschneiden vielseitiger, im Vergleich mit Laser- und Plasmaschneiden. Es k\u00f6nnen Materialien mit einer Dicke von bis zu 300 mm geschnitten werden. Die einzigartige F\u00e4higkeit einer Wasserstrahlschneidemaschine mit einem Abrasiv-Wasserstrahl, sehr komplizierte und filigrane Muster mit hoher Geschwindigkeit zu schneiden, ohne das Werkst\u00fcck zu [&hellip;]<\/p>\n","protected":false},"author":2,"featured_media":0,"parent":864,"menu_order":0,"comment_status":"closed","ping_status":"closed","template":"","meta":{"_acf_changed":false,"ghostkit_customizer_options":"","ghostkit_custom_css":"","ghostkit_custom_js_head":"","ghostkit_custom_js_foot":"","ghostkit_typography":"","site-sidebar-layout":"default","site-content-layout":"default","ast-site-content-layout":"default","site-content-style":"default","site-sidebar-style":"default","ast-global-header-display":"","ast-banner-title-visibility":"","ast-main-header-display":"","ast-hfb-above-header-display":"","ast-hfb-below-header-display":"","ast-hfb-mobile-header-display":"","site-post-title":"disabled","ast-breadcrumbs-content":"","ast-featured-img":"","footer-sml-layout":"","theme-transparent-header-meta":"default","adv-header-id-meta":"","stick-header-meta":"default","header-above-stick-meta":"","header-main-stick-meta":"","header-below-stick-meta":"","astra-migrate-meta-layouts":"default","ast-page-background-enabled":"default","ast-page-background-meta":{"desktop":{"background-color":"","background-image":"","background-repeat":"repeat","background-position":"center center","background-size":"auto","background-attachment":"scroll","background-type":"","background-media":"","overlay-type":"","overlay-color":"","overlay-opacity":"","overlay-gradient":""},"tablet":{"background-color":"","background-image":"","background-repeat":"repeat","background-position":"center center","background-size":"auto","background-attachment":"scroll","background-type":"","background-media":"","overlay-type":"","overlay-color":"","overlay-opacity":"","overlay-gradient":""},"mobile":{"background-color":"","background-image":"","background-repeat":"repeat","background-position":"center center","background-size":"auto","background-attachment":"scroll","background-type":"","background-media":"","overlay-type":"","overlay-color":"","overlay-opacity":"","overlay-gradient":""}},"ast-content-background-meta":{"desktop":{"background-color":"var(--ast-global-color-5)","background-image":"","background-repeat":"repeat","background-position":"center center","background-size":"auto","background-attachment":"scroll","background-type":"","background-media":"","overlay-type":"","overlay-color":"","overlay-opacity":"","overlay-gradient":""},"tablet":{"background-color":"var(--ast-global-color-5)","background-image":"","background-repeat":"repeat","background-position":"center center","background-size":"auto","background-attachment":"scroll","background-type":"","background-media":"","overlay-type":"","overlay-color":"","overlay-opacity":"","overlay-gradient":""},"mobile":{"background-color":"var(--ast-global-color-5)","background-image":"","background-repeat":"repeat","background-position":"center center","background-size":"auto","background-attachment":"scroll","background-type":"","background-media":"","overlay-type":"","overlay-color":"","overlay-opacity":"","overlay-gradient":""}},"footnotes":""},"class_list":["post-974","page","type-page","status-publish","hentry"],"acf":[],"_links":{"self":[{"href":"https:\/\/wpa-cutting.com\/de\/wp-json\/wp\/v2\/pages\/974"}],"collection":[{"href":"https:\/\/wpa-cutting.com\/de\/wp-json\/wp\/v2\/pages"}],"about":[{"href":"https:\/\/wpa-cutting.com\/de\/wp-json\/wp\/v2\/types\/page"}],"author":[{"embeddable":true,"href":"https:\/\/wpa-cutting.com\/de\/wp-json\/wp\/v2\/users\/2"}],"replies":[{"embeddable":true,"href":"https:\/\/wpa-cutting.com\/de\/wp-json\/wp\/v2\/comments?post=974"}],"version-history":[{"count":6,"href":"https:\/\/wpa-cutting.com\/de\/wp-json\/wp\/v2\/pages\/974\/revisions"}],"predecessor-version":[{"id":1084,"href":"https:\/\/wpa-cutting.com\/de\/wp-json\/wp\/v2\/pages\/974\/revisions\/1084"}],"up":[{"embeddable":true,"href":"https:\/\/wpa-cutting.com\/de\/wp-json\/wp\/v2\/pages\/864"}],"wp:attachment":[{"href":"https:\/\/wpa-cutting.com\/de\/wp-json\/wp\/v2\/media?parent=974"}],"curies":[{"name":"wp","href":"https:\/\/api.w.org\/{rel}","templated":true}]}}