{"id":895,"date":"2021-06-24T11:18:09","date_gmt":"2021-06-24T10:18:09","guid":{"rendered":"https:\/\/wpa-cutting.com\/?page_id=895"},"modified":"2023-02-02T11:22:49","modified_gmt":"2023-02-02T10:22:49","slug":"wasserstrahlschneiden-kosten","status":"publish","type":"page","link":"https:\/\/wpa-cutting.com\/en\/waterjet-cutting-costs\/","title":{"rendered":"Waterjet cutting cost"},"content":{"rendered":"<div class=\"wp-block-cover is-light\"><span aria-hidden=\"true\" class=\"wp-block-cover__background has-background-dim\"><\/span><video class=\"wp-block-cover__video-background intrinsic-ignore\" autoplay muted loop playsinline src=\"https:\/\/wpa-cutting.com\/wp-content\/uploads\/2021\/09\/Cutting_Header.mp4\" data-object-fit=\"cover\"><\/video><div class=\"wp-block-cover__inner-container is-layout-flow wp-block-cover-is-layout-flow\">\n<p class=\"has-text-align-center has-ast-global-color-5-color has-text-color has-large-font-size\">Waterjet cutting cost<br>Cost-effective and efficient!<br>We cut everything for you!<\/p>\n<\/div><\/div>\n\n\n\n<div style=\"height:15px\" aria-hidden=\"true\" class=\"wp-block-spacer\"><\/div>\n\n\n\n<h2 class=\"wp-block-heading\" id=\"wasserstrahlschneiden\">Waterjet cutting<\/h2>\n\n\n\n<p>With a waterjet cutting machine, even the hardest materials can be cut cleanly. We manufacture everything for you, from individual parts to prototypes and blanks, whether small series or large series. We use two different waterjet cutting processes for machining: Clean water and abrasive cutting. With both processes, we can cut materials up to 200 mm thick. Pure water cutting is used to cut soft materials such as foam, rubber and even wood. For hard materials, such as glass, bulletproof glass, plastic, metals, etc., we use the abrasive process. Here, a fine but very sharp-edged sand is added to the water jet, which \"cuts\" the component. You are also welcome to visit us directly and convince yourself of the technology on site.<\/p>\n\n\n\n<div class=\"wp-block-buttons is-horizontal is-content-justification-center is-layout-flex wp-container-core-buttons-is-layout-1 wp-block-buttons-is-layout-flex\">\n<div class=\"wp-block-button\"><a class=\"wp-block-button__link wp-element-button\" href=\"#contact\">Contact us<\/a><\/div>\n<\/div>\n\n\n\n<h2 class=\"wp-block-heading\" id=\"hohe-prazision\">High precision<\/h2>\n\n\n\n<p>But we can also manufacture particularly small and precise parts. For precision parts, we rely on the Microjet process with a cutting width of only 0.25 mm. This allows us to produce very precisely manufactured components for medical and automotive applications.<br><\/p>\n\n\n\n<h2 class=\"wp-block-heading\" id=\"wasserstrahlschneiden-kosten\">Waterjet cutting cost<\/h2>\n\n\n\n<p>Unfortunately we can not present a price list, we calculate the cost of each project individually, so we can always guarantee you a good price. Most materials also already have in stock, we can quickly provide you with a good offer.<\/p>\n\n\n\n<div class=\"wp-block-buttons is-horizontal is-content-justification-center is-layout-flex wp-container-core-buttons-is-layout-2 wp-block-buttons-is-layout-flex\">\n<div class=\"wp-block-button\"><a class=\"wp-block-button__link wp-element-button\" href=\"#contact\">Inquire now and get a quote!<\/a><\/div>\n<\/div>\n\n\n\n<h2 class=\"wp-block-heading\" id=\"kostengunstig-wasserstrahlschneiden\">Cost-effective: Waterjet cutting Karlsruhe<\/h2>\n\n\n\n<p>Due to the fact that we have a very short set-up time for waterjet cutting, we can produce even very small series and prototypes for you very cost-effectively. Cutting with a waterjet cutting machine leaves extremely clean edges, so the components do not need much further processing to achieve a good result.<\/p>\n\n\n\n<pre class=\"wp-block-verse\">All we need is a drawing or template.<\/pre>\n\n\n\n<p>Overall, it can be said that waterjet cutting is a cost-effective alternative to traditional cutting methods. By using this technology, companies can reduce their costs while improving their efficiency and productivity. Therefore, it is worth taking a closer look at waterjet cutting costs in order to take full advantage of this technology.<\/p>\n\n\n\n<h2 class=\"wp-block-heading\" id=\"wasserstrahlschneiden-materialen\">Waterjet cutting materials<\/h2>\n\n\n\n<p>We can cut almost any material with our machines. Our team with over 20 years of experience knows almost every material.<\/p>\n\n\n\n<figure class=\"wp-block-gallery has-nested-images columns-default is-cropped wp-block-gallery-1 is-layout-flex wp-block-gallery-is-layout-flex\">\n<figure class=\"wp-block-image size-large\"><img loading=\"lazy\" decoding=\"async\" width=\"1024\" height=\"682\" data-id=\"664\" src=\"https:\/\/wpa-cutting.com\/wp-content\/uploads\/2020\/08\/Dichtung_2-1024x682.jpg\" alt=\"Wasserstrahlschneiden Dichtung\" class=\"wp-image-664\" srcset=\"https:\/\/wpa-cutting.com\/wp-content\/uploads\/2020\/08\/Dichtung_2-1024x682.jpg 1024w, https:\/\/wpa-cutting.com\/wp-content\/uploads\/2020\/08\/Dichtung_2-300x200.jpg 300w, https:\/\/wpa-cutting.com\/wp-content\/uploads\/2020\/08\/Dichtung_2-768x512.jpg 768w, https:\/\/wpa-cutting.com\/wp-content\/uploads\/2020\/08\/Dichtung_2.jpg 1400w\" sizes=\"(max-width: 1024px) 100vw, 1024px\" \/><figcaption class=\"wp-element-caption\">Rubber gasket<\/figcaption><\/figure>\n\n\n\n<figure class=\"wp-block-image size-large\"><img loading=\"lazy\" decoding=\"async\" width=\"1024\" height=\"1004\" data-id=\"650\" src=\"https:\/\/wpa-cutting.com\/wp-content\/uploads\/2020\/08\/turbine-1024x1004.jpg\" alt=\"Wasserstrahlschneiden Aluminium Turbine\" class=\"wp-image-650\" srcset=\"https:\/\/wpa-cutting.com\/wp-content\/uploads\/2020\/08\/turbine-1024x1004.jpg 1024w, https:\/\/wpa-cutting.com\/wp-content\/uploads\/2020\/08\/turbine-300x294.jpg 300w, https:\/\/wpa-cutting.com\/wp-content\/uploads\/2020\/08\/turbine-768x753.jpg 768w, https:\/\/wpa-cutting.com\/wp-content\/uploads\/2020\/08\/turbine-1536x1506.jpg 1536w, https:\/\/wpa-cutting.com\/wp-content\/uploads\/2020\/08\/turbine-2048x2008.jpg 2048w\" sizes=\"(max-width: 1024px) 100vw, 1024px\" \/><figcaption class=\"wp-element-caption\">Turbine<\/figcaption><\/figure>\n\n\n\n<figure class=\"wp-block-image size-large\"><img loading=\"lazy\" decoding=\"async\" width=\"1024\" height=\"1024\" data-id=\"646\" src=\"https:\/\/wpa-cutting.com\/wp-content\/uploads\/2020\/08\/small_thing-1024x1024.jpg\" alt=\"Precise metal waterjet cutting\" class=\"wp-image-646\" srcset=\"https:\/\/wpa-cutting.com\/wp-content\/uploads\/2020\/08\/small_thing-1024x1024.jpg 1024w, https:\/\/wpa-cutting.com\/wp-content\/uploads\/2020\/08\/small_thing-300x300.jpg 300w, https:\/\/wpa-cutting.com\/wp-content\/uploads\/2020\/08\/small_thing-150x150.jpg 150w, https:\/\/wpa-cutting.com\/wp-content\/uploads\/2020\/08\/small_thing-768x768.jpg 768w, https:\/\/wpa-cutting.com\/wp-content\/uploads\/2020\/08\/small_thing-1536x1536.jpg 1536w, https:\/\/wpa-cutting.com\/wp-content\/uploads\/2020\/08\/small_thing.jpg 1800w\" sizes=\"(max-width: 1024px) 100vw, 1024px\" \/><\/figure>\n\n\n\n<figure class=\"wp-block-image size-large\"><img loading=\"lazy\" decoding=\"async\" width=\"974\" height=\"1024\" data-id=\"637\" src=\"https:\/\/wpa-cutting.com\/wp-content\/uploads\/2020\/08\/golf-974x1024.jpg\" alt=\"\" class=\"wp-image-637\" srcset=\"https:\/\/wpa-cutting.com\/wp-content\/uploads\/2020\/08\/golf-974x1024.jpg 974w, https:\/\/wpa-cutting.com\/wp-content\/uploads\/2020\/08\/golf-285x300.jpg 285w, https:\/\/wpa-cutting.com\/wp-content\/uploads\/2020\/08\/golf-768x807.jpg 768w, https:\/\/wpa-cutting.com\/wp-content\/uploads\/2020\/08\/golf-1462x1536.jpg 1462w, https:\/\/wpa-cutting.com\/wp-content\/uploads\/2020\/08\/golf-1949x2048.jpg 1949w\" sizes=\"(max-width: 974px) 100vw, 974px\" \/><figcaption class=\"wp-element-caption\">Golf sculpture made of aluminum and wood<\/figcaption><\/figure>\n\n\n\n<figure class=\"wp-block-image size-large\"><img loading=\"lazy\" decoding=\"async\" width=\"1024\" height=\"1024\" data-id=\"633\" src=\"https:\/\/wpa-cutting.com\/wp-content\/uploads\/2020\/08\/gear-1024x1024.jpg\" alt=\"Wasserstrahlschneiden Edelstahl\" class=\"wp-image-633\" srcset=\"https:\/\/wpa-cutting.com\/wp-content\/uploads\/2020\/08\/gear-1024x1024.jpg 1024w, https:\/\/wpa-cutting.com\/wp-content\/uploads\/2020\/08\/gear-300x300.jpg 300w, https:\/\/wpa-cutting.com\/wp-content\/uploads\/2020\/08\/gear-150x150.jpg 150w, https:\/\/wpa-cutting.com\/wp-content\/uploads\/2020\/08\/gear-768x768.jpg 768w, https:\/\/wpa-cutting.com\/wp-content\/uploads\/2020\/08\/gear-1536x1536.jpg 1536w, https:\/\/wpa-cutting.com\/wp-content\/uploads\/2020\/08\/gear.jpg 2000w\" sizes=\"(max-width: 1024px) 100vw, 1024px\" \/><figcaption class=\"wp-element-caption\">Stainless steel water jet<\/figcaption><\/figure>\n\n\n\n<figure class=\"wp-block-image size-large\"><img loading=\"lazy\" decoding=\"async\" width=\"1024\" height=\"660\" data-id=\"627\" src=\"https:\/\/wpa-cutting.com\/wp-content\/uploads\/2020\/08\/carbon-1024x660.jpg\" alt=\"\" class=\"wp-image-627\" srcset=\"https:\/\/wpa-cutting.com\/wp-content\/uploads\/2020\/08\/carbon-1024x660.jpg 1024w, https:\/\/wpa-cutting.com\/wp-content\/uploads\/2020\/08\/carbon-300x193.jpg 300w, https:\/\/wpa-cutting.com\/wp-content\/uploads\/2020\/08\/carbon-768x495.jpg 768w, https:\/\/wpa-cutting.com\/wp-content\/uploads\/2020\/08\/carbon-1536x990.jpg 1536w, https:\/\/wpa-cutting.com\/wp-content\/uploads\/2020\/08\/carbon-2048x1320.jpg 2048w\" sizes=\"(max-width: 1024px) 100vw, 1024px\" \/><figcaption class=\"wp-element-caption\">CFK 75 mm thickness<\/figcaption><\/figure>\n<\/figure>\n\n\n\n<div style=\"height:15px\" aria-hidden=\"true\" class=\"wp-block-spacer\"><\/div>\n\n\n\n<div class=\"ghostkit-button-wrapper ghostkit-button-wrapper-gap-md\"><div class=\"ghostkit-button-wrapper-inner\">\n<a class=\"ghostkit-button ghostkit-button-md\" href=\"\/en\/#faq\"><span class=\"ghostkit-button-text\">To the water jet FAQ<\/span><\/a>\n\n\n\n<a class=\"ghostkit-button ghostkit-button-md\" href=\"https:\/\/wpa-gmbh.com\/shop\" rel=\"noopener\"><span class=\"ghostkit-button-text\">Spare parts for water jet machines<\/span><\/a>\n<\/div><\/div>\n\n\n\n<h2 class=\"wp-block-heading\" id=\"ueber-uns\">We are here for you. In Karlsruhe, regionally, nationally and Europe-wide.<\/h2>\n\n\n\n<div class=\"wp-block-columns is-layout-flex wp-container-core-columns-is-layout-1 wp-block-columns-is-layout-flex\">\n<div class=\"wp-block-column is-layout-flow wp-block-column-is-layout-flow\">\n<div class=\"ghostkit-icon-box\"><div class=\"ghostkit-icon-box-icon ghostkit-icon-box-icon-align-left\"><svg class=\"ghostkit-svg-icon ghostkit-svg-icon-fa\" aria-hidden=\"true\" role=\"img\" xmlns=\"http:\/\/www.w3.org\/2000\/svg\" viewbox=\"0 0 640 512\"><path fill=\"currentColor\" d=\"M616 192H480V24c0-13.26-10.74-24-24-24H312c-13.26 0-24 10.74-24 24v72h-64V16c0-8.84-7.16-16-16-16h-16c-8.84 0-16 7.16-16 16v80h-64V16c0-8.84-7.16-16-16-16H80c-8.84 0-16 7.16-16 16v80H24c-13.26 0-24 10.74-24 24v360c0 17.67 14.33 32 32 32h576c17.67 0 32-14.33 32-32V216c0-13.26-10.75-24-24-24zM128 404c0 6.63-5.37 12-12 12H76c-6.63 0-12-5.37-12-12v-40c0-6.63 5.37-12 12-12h40c6.63 0 12 5.37 12 12v40zm0-96c0 6.63-5.37 12-12 12H76c-6.63 0-12-5.37-12-12v-40c0-6.63 5.37-12 12-12h40c6.63 0 12 5.37 12 12v40zm0-96c0 6.63-5.37 12-12 12H76c-6.63 0-12-5.37-12-12v-40c0-6.63 5.37-12 12-12h40c6.63 0 12 5.37 12 12v40zm128 192c0 6.63-5.37 12-12 12h-40c-6.63 0-12-5.37-12-12v-40c0-6.63 5.37-12 12-12h40c6.63 0 12 5.37 12 12v40zm0-96c0 6.63-5.37 12-12 12h-40c-6.63 0-12-5.37-12-12v-40c0-6.63 5.37-12 12-12h40c6.63 0 12 5.37 12 12v40zm0-96c0 6.63-5.37 12-12 12h-40c-6.63 0-12-5.37-12-12v-40c0-6.63 5.37-12 12-12h40c6.63 0 12 5.37 12 12v40zm160 96c0 6.63-5.37 12-12 12h-40c-6.63 0-12-5.37-12-12v-40c0-6.63 5.37-12 12-12h40c6.63 0 12 5.37 12 12v40zm0-96c0 6.63-5.37 12-12 12h-40c-6.63 0-12-5.37-12-12v-40c0-6.63 5.37-12 12-12h40c6.63 0 12 5.37 12 12v40zm0-96c0 6.63-5.37 12-12 12h-40c-6.63 0-12-5.37-12-12V76c0-6.63 5.37-12 12-12h40c6.63 0 12 5.37 12 12v40zm160 288c0 6.63-5.37 12-12 12h-40c-6.63 0-12-5.37-12-12v-40c0-6.63 5.37-12 12-12h40c6.63 0 12 5.37 12 12v40zm0-96c0 6.63-5.37 12-12 12h-40c-6.63 0-12-5.37-12-12v-40c0-6.63 5.37-12 12-12h40c6.63 0 12 5.37 12 12v40z\"><\/path><\/svg><\/div><div class=\"ghostkit-icon-box-content is-layout-flow wp-block-icon-box-is-layout-flow\">\n<h4 class=\"wp-block-heading\" id=\"bundesweit-regional\">Nationwide &amp; Regional<\/h4>\n\n\n\n<p>Since we already have many materials in stock and produce flexibly, we can deliver quickly throughout Germany and Europe.<\/p>\n<\/div><\/div>\n<\/div>\n\n\n\n<div class=\"wp-block-column is-layout-flow wp-block-column-is-layout-flow\">\n<div class=\"ghostkit-icon-box\"><div class=\"ghostkit-icon-box-icon ghostkit-icon-box-icon-align-left\"><svg class=\"ghostkit-svg-icon ghostkit-svg-icon-fa\" aria-hidden=\"true\" role=\"img\" xmlns=\"http:\/\/www.w3.org\/2000\/svg\" viewbox=\"0 0 496 512\"><path fill=\"currentColor\" d=\"M248 8C111.03 8 0 119.03 0 256s111.03 248 248 248 248-111.03 248-248S384.97 8 248 8zm160 215.5v6.93c0 5.87-3.32 11.24-8.57 13.86l-15.39 7.7a15.485 15.485 0 0 1-15.53-.97l-18.21-12.14a15.52 15.52 0 0 0-13.5-1.81l-2.65.88c-9.7 3.23-13.66 14.79-7.99 23.3l13.24 19.86c2.87 4.31 7.71 6.9 12.89 6.9h8.21c8.56 0 15.5 6.94 15.5 15.5v11.34c0 3.35-1.09 6.62-3.1 9.3l-18.74 24.98c-1.42 1.9-2.39 4.1-2.83 6.43l-4.3 22.83c-.62 3.29-2.29 6.29-4.76 8.56a159.608 159.608 0 0 0-25 29.16l-13.03 19.55a27.756 27.756 0 0 1-23.09 12.36c-10.51 0-20.12-5.94-24.82-15.34a78.902 78.902 0 0 1-8.33-35.29V367.5c0-8.56-6.94-15.5-15.5-15.5h-25.88c-14.49 0-28.38-5.76-38.63-16a54.659 54.659 0 0 1-16-38.63v-14.06c0-17.19 8.1-33.38 21.85-43.7l27.58-20.69a54.663 54.663 0 0 1 32.78-10.93h.89c8.48 0 16.85 1.97 24.43 5.77l14.72 7.36c3.68 1.84 7.93 2.14 11.83.84l47.31-15.77c6.33-2.11 10.6-8.03 10.6-14.7 0-8.56-6.94-15.5-15.5-15.5h-10.09c-4.11 0-8.05-1.63-10.96-4.54l-6.92-6.92a15.493 15.493 0 0 0-10.96-4.54H199.5c-8.56 0-15.5-6.94-15.5-15.5v-4.4c0-7.11 4.84-13.31 11.74-15.04l14.45-3.61c3.74-.94 7-3.23 9.14-6.44l8.08-12.11c2.87-4.31 7.71-6.9 12.89-6.9h24.21c8.56 0 15.5-6.94 15.5-15.5v-21.7C359.23 71.63 422.86 131.02 441.93 208H423.5c-8.56 0-15.5 6.94-15.5 15.5z\"><\/path><\/svg><\/div><div class=\"ghostkit-icon-box-content is-layout-flow wp-block-icon-box-is-layout-flow\">\n<h4 class=\"wp-block-heading\" id=\"europaweit\">Europe-wide<\/h4>\n\n\n\n<p>Customers throughout Europe trust us with their projects. We can deliver reliably throughout Europe.<\/p>\n<\/div><\/div>\n<\/div>\n<\/div>\n\n\n\n<div class=\"wp-block-group\"><div class=\"wp-block-group__inner-container is-layout-flow wp-block-group-is-layout-flow\">\n<div style=\"height:20px\" aria-hidden=\"true\" class=\"wp-block-spacer\"><\/div>\n\n\n\n<div class=\"wp-block-columns is-layout-flex wp-container-core-columns-is-layout-2 wp-block-columns-is-layout-flex\">\n<div class=\"wp-block-column is-layout-flow wp-block-column-is-layout-flow\">\n<h3 class=\"wp-block-heading\">Contact and consulting<\/h3>\n\n\n\n<h5 class=\"wp-block-heading\">Waterjet Production Academy GmbH<\/h5>\n\n\n\n<p>Zeppelinstra\u00dfe 7a<br>D-76185 Karlsruhe<\/p>\n\n\n\n<p><a href=\"tel:+4972146466226\">+49(0)721 46466226<\/a><br><a href=\"mailto:info@wpa-gmbh.com\" class=\"rank-math-link\">info@wpa-gmbh.com<\/a><\/p>\n<\/div>\n\n\n\n<div class=\"wp-block-column is-layout-flow wp-block-column-is-layout-flow\">\n<figure class=\"wp-block-image size-large\"><img loading=\"lazy\" decoding=\"async\" width=\"1024\" height=\"587\" src=\"https:\/\/wpa-cutting.com\/wp-content\/uploads\/2020\/08\/aussen-1024x587.jpg\" alt=\"\" class=\"wp-image-199\" srcset=\"https:\/\/wpa-cutting.com\/wp-content\/uploads\/2020\/08\/aussen-1024x587.jpg 1024w, https:\/\/wpa-cutting.com\/wp-content\/uploads\/2020\/08\/aussen-300x172.jpg 300w, https:\/\/wpa-cutting.com\/wp-content\/uploads\/2020\/08\/aussen-768x440.jpg 768w, https:\/\/wpa-cutting.com\/wp-content\/uploads\/2020\/08\/aussen-1536x880.jpg 1536w, https:\/\/wpa-cutting.com\/wp-content\/uploads\/2020\/08\/aussen.jpg 1800w\" sizes=\"(max-width: 1024px) 100vw, 1024px\" \/><\/figure>\n<\/div>\n<\/div>\n\n\n\n<h3 class=\"wp-block-heading\">We work nationwide!<\/h3>\n\n\n\n<p>We offer our services not only regionally in Karlsruhe (Baden-W\u00fcrttemberg), but also take on projects for our customers throughout Germany and Europe. Since we already have many materials and components directly in stock and cooperate with reliable forwarding agencies, the geographical distance is only present on paper. We already serve customers from the cities of Karlsruhe, Stuttgart, Munich, Hamburg, Berlin, and many other major German cities. We are open for inquiries from federal states like Bavaria, Rhineland-Palatinate, Hesse, Thuringia and all others.<\/p>\n<\/div><\/div>","protected":false},"excerpt":{"rendered":"<p>Wasserstrahlschneiden Mit einer Wasserstrahlschneidemaschine k\u00f6nnen selbst h\u00e4rteste Materialien sauber geschnitten werden. Wir fertigen f\u00fcr Sie von Einzelteilen \u00fcber Prototypen und Rohlingen alles, egal ob Kleinserie oder Gro\u00dfserie. F\u00fcr die Bearbeitung verwenden wir zwei verschiedene Wasserstrahlscheidverfahren: Reinwasser- und Abrasivschneiden. Bei beiden Prozessen k\u00f6nnen wir Materialien bis zu 200 mm Dicke schneiden. Das Reinwasserschneiden wir benutzt, um [&hellip;]<\/p>\n","protected":false},"author":2,"featured_media":0,"parent":0,"menu_order":0,"comment_status":"closed","ping_status":"closed","template":"","meta":{"_acf_changed":false,"ghostkit_customizer_options":"","ghostkit_custom_css":"","ghostkit_custom_js_head":"","ghostkit_custom_js_foot":"","ghostkit_typography":"","site-sidebar-layout":"default","site-content-layout":"default","ast-site-content-layout":"default","site-content-style":"default","site-sidebar-style":"default","ast-global-header-display":"","ast-banner-title-visibility":"","ast-main-header-display":"","ast-hfb-above-header-display":"","ast-hfb-below-header-display":"","ast-hfb-mobile-header-display":"","site-post-title":"","ast-breadcrumbs-content":"","ast-featured-img":"","footer-sml-layout":"","theme-transparent-header-meta":"default","adv-header-id-meta":"","stick-header-meta":"default","header-above-stick-meta":"","header-main-stick-meta":"","header-below-stick-meta":"","astra-migrate-meta-layouts":"default","ast-page-background-enabled":"default","ast-page-background-meta":{"desktop":{"background-color":"","background-image":"","background-repeat":"repeat","background-position":"center center","background-size":"auto","background-attachment":"scroll","background-type":"","background-media":"","overlay-type":"","overlay-color":"","overlay-opacity":"","overlay-gradient":""},"tablet":{"background-color":"","background-image":"","background-repeat":"repeat","background-position":"center center","background-size":"auto","background-attachment":"scroll","background-type":"","background-media":"","overlay-type":"","overlay-color":"","overlay-opacity":"","overlay-gradient":""},"mobile":{"background-color":"","background-image":"","background-repeat":"repeat","background-position":"center center","background-size":"auto","background-attachment":"scroll","background-type":"","background-media":"","overlay-type":"","overlay-color":"","overlay-opacity":"","overlay-gradient":""}},"ast-content-background-meta":{"desktop":{"background-color":"var(--ast-global-color-5)","background-image":"","background-repeat":"repeat","background-position":"center center","background-size":"auto","background-attachment":"scroll","background-type":"","background-media":"","overlay-type":"","overlay-color":"","overlay-opacity":"","overlay-gradient":""},"tablet":{"background-color":"var(--ast-global-color-5)","background-image":"","background-repeat":"repeat","background-position":"center center","background-size":"auto","background-attachment":"scroll","background-type":"","background-media":"","overlay-type":"","overlay-color":"","overlay-opacity":"","overlay-gradient":""},"mobile":{"background-color":"var(--ast-global-color-5)","background-image":"","background-repeat":"repeat","background-position":"center center","background-size":"auto","background-attachment":"scroll","background-type":"","background-media":"","overlay-type":"","overlay-color":"","overlay-opacity":"","overlay-gradient":""}},"footnotes":""},"class_list":["post-895","page","type-page","status-publish","hentry"],"acf":[],"_links":{"self":[{"href":"https:\/\/wpa-cutting.com\/en\/wp-json\/wp\/v2\/pages\/895"}],"collection":[{"href":"https:\/\/wpa-cutting.com\/en\/wp-json\/wp\/v2\/pages"}],"about":[{"href":"https:\/\/wpa-cutting.com\/en\/wp-json\/wp\/v2\/types\/page"}],"author":[{"embeddable":true,"href":"https:\/\/wpa-cutting.com\/en\/wp-json\/wp\/v2\/users\/2"}],"replies":[{"embeddable":true,"href":"https:\/\/wpa-cutting.com\/en\/wp-json\/wp\/v2\/comments?post=895"}],"version-history":[{"count":8,"href":"https:\/\/wpa-cutting.com\/en\/wp-json\/wp\/v2\/pages\/895\/revisions"}],"predecessor-version":[{"id":1073,"href":"https:\/\/wpa-cutting.com\/en\/wp-json\/wp\/v2\/pages\/895\/revisions\/1073"}],"wp:attachment":[{"href":"https:\/\/wpa-cutting.com\/en\/wp-json\/wp\/v2\/media?parent=895"}],"curies":[{"name":"wp","href":"https:\/\/api.w.org\/{rel}","templated":true}]}}