{"id":946,"date":"2021-06-30T09:12:45","date_gmt":"2021-06-30T08:12:45","guid":{"rendered":"https:\/\/wpa-cutting.com\/?page_id=946"},"modified":"2023-02-28T14:51:24","modified_gmt":"2023-02-28T13:51:24","slug":"glas-wasserstrahlschneiden","status":"publish","type":"page","link":"https:\/\/wpa-cutting.com\/en\/applications\/glass-waterjet-cutting\/","title":{"rendered":"Glass water jet cutting"},"content":{"rendered":"<div class=\"wp-block-cover is-light\"><span aria-hidden=\"true\" class=\"wp-block-cover__background has-background-dim\"><\/span><video class=\"wp-block-cover__video-background intrinsic-ignore\" autoplay muted loop playsinline src=\"https:\/\/wpa-cutting.com\/wp-content\/uploads\/2020\/08\/cutting_video_wpa.mp4\" data-object-fit=\"cover\"><\/video><div class=\"wp-block-cover__inner-container is-layout-flow wp-block-cover-is-layout-flow\">\n<h1 class=\"has-text-align-center wp-block-heading\" id=\"glas-wasserstrahlschneiden\">Glass water jet cutting<\/h1>\n\n\n\n<p><\/p>\n<\/div><\/div>\n\n\n\n<div style=\"height:25px\" aria-hidden=\"true\" class=\"wp-block-spacer\"><\/div>\n\n\n\n<h2 class=\"wp-block-heading\" id=\"glas-wasserstrahlschneiden-und-das-zu-super-preisen\">Glass waterjet cutting at great prices?<\/h2>\n\n\n\n<p>The unique ability of a waterjet cutting machine with an abrasive waterjet to cut very intricate and filigree patterns at high speed without breaking the workpiece offers you unique possibilities. <br>This technology enables us to realise almost any idea for you and to manufacture it for you at a favourable price.<\/p>\n\n\n\n<p>Compared to traditional cutting tools and CNC machines, we can cut contours and shapes with our waterjet cutting systems that would otherwise not be possible. At the same time, waterjet technology ensures a drastic reduction in machining times. These savings ensure cost-effective production, which despite the high accuracy and speed deliver a perfect result without reworking for a good price.<\/p>\n\n\n\n<h2 class=\"wp-block-heading\" id=\"glasturen-wasserstrahlschneiden-auf-ma\u00df\">Glass doors Waterjet cutting to measure<\/h2>\n\n\n\n<p>Have you already bought a glass door or shower enclosure in the standard size, but it does not fit?<br>We are able to cut all types of glass doors. The cutting of suitable mounting holes is also possible with our machines. We will be happy to cut glass doors or shower enclosures to the right size for you.<\/p>\n\n\n\n<h2 class=\"wp-block-heading\" id=\"perfekte-schnittkanten\">Perfect cut edges<\/h2>\n\n\n\n<p>Because there is no glass vibration in glass waterjet cutting, there is no heat-affected zone or rough edges, which means there is a perfect edge. This enables us to produce very delicate designs. The material retains its original appearance and strength.<\/p>\n\n\n\n<h2 class=\"wp-block-heading\" id=\"minimale-schnittfugen\">Minimal kerf<\/h2>\n\n\n\n<p>Due to the very small cutting width of a waterjet cutting system, we can perfectly realise almost any design.<br>With our machines, we can easily cut complicated glass plates for you, as well as difficult corners on plate edges. We also have less material waste when cutting with the waterjet compared to other methods.<\/p>\n\n\n\n<figure class=\"wp-block-gallery has-nested-images columns-4 is-cropped wp-block-gallery-1 is-layout-flex wp-block-gallery-is-layout-flex\">\n<figure class=\"wp-block-image size-large\"><img loading=\"lazy\" decoding=\"async\" width=\"1024\" height=\"683\" data-id=\"636\" src=\"https:\/\/wpa-cutting.com\/wp-content\/uploads\/2020\/08\/glas_2-1024x683.jpg\" alt=\"Glass water jet cutting\" class=\"wp-image-636\" srcset=\"https:\/\/wpa-cutting.com\/wp-content\/uploads\/2020\/08\/glas_2-1024x683.jpg 1024w, https:\/\/wpa-cutting.com\/wp-content\/uploads\/2020\/08\/glas_2-300x200.jpg 300w, https:\/\/wpa-cutting.com\/wp-content\/uploads\/2020\/08\/glas_2-768x512.jpg 768w, https:\/\/wpa-cutting.com\/wp-content\/uploads\/2020\/08\/glas_2-1536x1024.jpg 1536w, https:\/\/wpa-cutting.com\/wp-content\/uploads\/2020\/08\/glas_2-2048x1365.jpg 2048w\" sizes=\"(max-width: 1024px) 100vw, 1024px\" \/><\/figure>\n\n\n\n<figure class=\"wp-block-image size-large\"><img loading=\"lazy\" decoding=\"async\" width=\"1024\" height=\"1024\" data-id=\"635\" src=\"https:\/\/wpa-cutting.com\/wp-content\/uploads\/2020\/08\/glas_1-1024x1024.jpg\" alt=\"Water jet cutting glass\" class=\"wp-image-635\" srcset=\"https:\/\/wpa-cutting.com\/wp-content\/uploads\/2020\/08\/glas_1-1024x1024.jpg 1024w, https:\/\/wpa-cutting.com\/wp-content\/uploads\/2020\/08\/glas_1-300x300.jpg 300w, https:\/\/wpa-cutting.com\/wp-content\/uploads\/2020\/08\/glas_1-150x150.jpg 150w, https:\/\/wpa-cutting.com\/wp-content\/uploads\/2020\/08\/glas_1-768x768.jpg 768w, https:\/\/wpa-cutting.com\/wp-content\/uploads\/2020\/08\/glas_1-1536x1536.jpg 1536w, https:\/\/wpa-cutting.com\/wp-content\/uploads\/2020\/08\/glas_1.jpg 2048w\" sizes=\"(max-width: 1024px) 100vw, 1024px\" \/><figcaption class=\"wp-element-caption\">Glass<\/figcaption><\/figure>\n\n\n\n<figure class=\"wp-block-image size-large\"><img loading=\"lazy\" decoding=\"async\" width=\"1024\" height=\"840\" data-id=\"634\" src=\"https:\/\/wpa-cutting.com\/wp-content\/uploads\/2020\/08\/glas-1024x840.jpg\" alt=\"Water jet cutting glass\" class=\"wp-image-634\" srcset=\"https:\/\/wpa-cutting.com\/wp-content\/uploads\/2020\/08\/glas-1024x840.jpg 1024w, https:\/\/wpa-cutting.com\/wp-content\/uploads\/2020\/08\/glas-300x246.jpg 300w, https:\/\/wpa-cutting.com\/wp-content\/uploads\/2020\/08\/glas-768x630.jpg 768w, https:\/\/wpa-cutting.com\/wp-content\/uploads\/2020\/08\/glas-1536x1261.jpg 1536w, https:\/\/wpa-cutting.com\/wp-content\/uploads\/2020\/08\/glas-2048x1681.jpg 2048w\" sizes=\"(max-width: 1024px) 100vw, 1024px\" \/><figcaption class=\"wp-element-caption\">Glass plate engraved<\/figcaption><\/figure>\n\n\n\n<figure class=\"wp-block-image size-large\"><img loading=\"lazy\" decoding=\"async\" width=\"1024\" height=\"683\" data-id=\"642\" src=\"https:\/\/wpa-cutting.com\/wp-content\/uploads\/2020\/08\/panzer_glas_1-1024x683.jpg\" alt=\"Water jet cutting bulletproof glass\" class=\"wp-image-642\" srcset=\"https:\/\/wpa-cutting.com\/wp-content\/uploads\/2020\/08\/panzer_glas_1-1024x683.jpg 1024w, https:\/\/wpa-cutting.com\/wp-content\/uploads\/2020\/08\/panzer_glas_1-300x200.jpg 300w, https:\/\/wpa-cutting.com\/wp-content\/uploads\/2020\/08\/panzer_glas_1-768x512.jpg 768w, https:\/\/wpa-cutting.com\/wp-content\/uploads\/2020\/08\/panzer_glas_1-1536x1024.jpg 1536w, https:\/\/wpa-cutting.com\/wp-content\/uploads\/2020\/08\/panzer_glas_1-2048x1365.jpg 2048w\" sizes=\"(max-width: 1024px) 100vw, 1024px\" \/><figcaption class=\"wp-element-caption\">Armored glass 5 cm thick<\/figcaption><\/figure>\n<\/figure>\n\n\n\n<div style=\"height:25px\" aria-hidden=\"true\" class=\"wp-block-spacer\"><\/div>\n\n\n\n<div class=\"inherit-container-width wp-block-group is-layout-constrained wp-block-group-is-layout-constrained\"><div class=\"wp-block-group__inner-container\">\n<div class=\"wp-block-columns is-layout-flex wp-container-core-columns-is-layout-1 wp-block-columns-is-layout-flex\">\n<div class=\"wp-block-column is-layout-flow wp-block-column-is-layout-flow\">\n<h2 class=\"wp-block-heading\" id=\"stellen-sie-uns-auf-die-probe\">Put us to the test.<\/h2>\n\n\n\n<p class=\"has-medium-font-size\">Your material, your requirements, our waterjet cutting systems.<\/p>\n<\/div>\n\n\n\n<div class=\"wp-block-column is-layout-flow wp-block-column-is-layout-flow\">\n<div class=\"wp-block-buttons is-horizontal is-content-justification-center is-layout-flex wp-container-core-buttons-is-layout-1 wp-block-buttons-is-layout-flex\">\n<div class=\"wp-block-button\"><a class=\"wp-block-button__link wp-element-button\" href=\"#contact\">Request your test cut now<\/a><\/div>\n<\/div>\n<\/div>\n<\/div>\n<\/div><\/div>\n\n\n\n<h2 class=\"wp-block-heading\" id=\"wasserstrahlschneiden-die-technik\">Waterjet cutting - the technology<\/h2>\n\n\n\n<p>The water is put under high pressure by a specialised high-pressure pump, which is specially designed for extreme pressures. Due to the extreme water pressure of up to 6000 bar, the water can reach twice the speed of sound when leaving the nozzle. For cutting relatively soft materials such as rubber and insulating materials, we only use the pure water jet, which is bundled and extremely accelerated. For waterjet cutting of firmer and high-strength materials, extra sharp, pointed sand is added to the waterjet. This sand is also called abrasive and serves as an abrasive that virtually grinds away the material during cutting.<br>Strictly speaking, this cutting process is not cutting, but high-speed grinding.<\/p>\n\n\n\n<div class=\"wp-block-buttons is-horizontal is-content-justification-center is-layout-flex wp-container-core-buttons-is-layout-2 wp-block-buttons-is-layout-flex\">\n<div class=\"wp-block-button\"><a class=\"wp-block-button__link wp-element-button\" href=\"https:\/\/wpa-cutting.com\/en\/anwendungen\/\">Further applications<\/a><\/div>\n\n\n\n<div class=\"wp-block-button\"><a class=\"wp-block-button__link wp-element-button\" href=\"https:\/\/wpa-cutting.com\/en\/\">Homepage<\/a><\/div>\n\n\n\n<div class=\"wp-block-button\"><a class=\"wp-block-button__link wp-element-button\" href=\"https:\/\/wpa-cutting.com\/en\/#anwendung\">Examples<\/a><\/div>\n\n\n\n<div class=\"wp-block-button\"><a class=\"wp-block-button__link wp-element-button\" href=\"https:\/\/wpa-training.com\/de\/\" rel=\"noopener\">Water jet courses<\/a><\/div>\n<\/div>","protected":false},"excerpt":{"rendered":"<p>Glas Wasserstrahlschneiden und das zu super Preisen? Die einzigartige F\u00e4higkeit einer Wasserstrahlschneidemaschine mit einem Abrasiv-Wasserstrahl, sehr komplizierte und filigrane Muster mit hoher Geschwindigkeit zu schneiden, ohne das Werkst\u00fcck zu zerbrechen, bietet Ihnen einzigartige M\u00f6glichkeiten. Durch diese Technologie k\u00f6nnen wir f\u00fcr Sie nahezu jede Idee realisieren und f\u00fcr Sie g\u00fcnstig fertigen. Im Vergleich mit traditionellen Schneidwerkzeugen [&hellip;]<\/p>\n","protected":false},"author":2,"featured_media":0,"parent":864,"menu_order":0,"comment_status":"closed","ping_status":"closed","template":"","meta":{"_acf_changed":false,"ghostkit_customizer_options":"","ghostkit_custom_css":"","ghostkit_custom_js_head":"","ghostkit_custom_js_foot":"","ghostkit_typography":"","site-sidebar-layout":"default","site-content-layout":"default","ast-site-content-layout":"default","site-content-style":"default","site-sidebar-style":"default","ast-global-header-display":"","ast-banner-title-visibility":"","ast-main-header-display":"","ast-hfb-above-header-display":"","ast-hfb-below-header-display":"","ast-hfb-mobile-header-display":"","site-post-title":"disabled","ast-breadcrumbs-content":"","ast-featured-img":"","footer-sml-layout":"","theme-transparent-header-meta":"default","adv-header-id-meta":"","stick-header-meta":"default","header-above-stick-meta":"","header-main-stick-meta":"","header-below-stick-meta":"","astra-migrate-meta-layouts":"default","ast-page-background-enabled":"default","ast-page-background-meta":{"desktop":{"background-color":"","background-image":"","background-repeat":"repeat","background-position":"center center","background-size":"auto","background-attachment":"scroll","background-type":"","background-media":"","overlay-type":"","overlay-color":"","overlay-opacity":"","overlay-gradient":""},"tablet":{"background-color":"","background-image":"","background-repeat":"repeat","background-position":"center center","background-size":"auto","background-attachment":"scroll","background-type":"","background-media":"","overlay-type":"","overlay-color":"","overlay-opacity":"","overlay-gradient":""},"mobile":{"background-color":"","background-image":"","background-repeat":"repeat","background-position":"center center","background-size":"auto","background-attachment":"scroll","background-type":"","background-media":"","overlay-type":"","overlay-color":"","overlay-opacity":"","overlay-gradient":""}},"ast-content-background-meta":{"desktop":{"background-color":"var(--ast-global-color-5)","background-image":"","background-repeat":"repeat","background-position":"center center","background-size":"auto","background-attachment":"scroll","background-type":"","background-media":"","overlay-type":"","overlay-color":"","overlay-opacity":"","overlay-gradient":""},"tablet":{"background-color":"var(--ast-global-color-5)","background-image":"","background-repeat":"repeat","background-position":"center center","background-size":"auto","background-attachment":"scroll","background-type":"","background-media":"","overlay-type":"","overlay-color":"","overlay-opacity":"","overlay-gradient":""},"mobile":{"background-color":"var(--ast-global-color-5)","background-image":"","background-repeat":"repeat","background-position":"center center","background-size":"auto","background-attachment":"scroll","background-type":"","background-media":"","overlay-type":"","overlay-color":"","overlay-opacity":"","overlay-gradient":""}},"footnotes":""},"class_list":["post-946","page","type-page","status-publish","hentry"],"acf":[],"_links":{"self":[{"href":"https:\/\/wpa-cutting.com\/en\/wp-json\/wp\/v2\/pages\/946"}],"collection":[{"href":"https:\/\/wpa-cutting.com\/en\/wp-json\/wp\/v2\/pages"}],"about":[{"href":"https:\/\/wpa-cutting.com\/en\/wp-json\/wp\/v2\/types\/page"}],"author":[{"embeddable":true,"href":"https:\/\/wpa-cutting.com\/en\/wp-json\/wp\/v2\/users\/2"}],"replies":[{"embeddable":true,"href":"https:\/\/wpa-cutting.com\/en\/wp-json\/wp\/v2\/comments?post=946"}],"version-history":[{"count":9,"href":"https:\/\/wpa-cutting.com\/en\/wp-json\/wp\/v2\/pages\/946\/revisions"}],"predecessor-version":[{"id":1080,"href":"https:\/\/wpa-cutting.com\/en\/wp-json\/wp\/v2\/pages\/946\/revisions\/1080"}],"up":[{"embeddable":true,"href":"https:\/\/wpa-cutting.com\/en\/wp-json\/wp\/v2\/pages\/864"}],"wp:attachment":[{"href":"https:\/\/wpa-cutting.com\/en\/wp-json\/wp\/v2\/media?parent=946"}],"curies":[{"name":"wp","href":"https:\/\/api.w.org\/{rel}","templated":true}]}}